{"id":1066,"date":"2014-07-20T19:49:23","date_gmt":"2014-07-20T17:49:23","guid":{"rendered":"http:\/\/www.alpenclub-gerliswil.ch\/wp\/?page_id=1066"},"modified":"2014-07-20T19:49:23","modified_gmt":"2014-07-20T17:49:23","slug":"emmenuferweg","status":"publish","type":"page","link":"https:\/\/www.alpenclub-gerliswil.ch\/wp\/fotos-berichte\/tourenberichte\/emmenuferweg\/","title":{"rendered":"Emmenuferweg"},"content":{"rendered":"<p><span style=\"color: #0000ff;\"><strong>Familienwanderung Emmenuferweg vom 6. Juli 2014 \u00a0<\/strong><\/span><\/p>\n<p><span style=\"color: #000000;\">Als wir (Jana, Patrick, Aline und Beat) uns am Bahnhof in Wolhusen trafen, schien die Sonne schon wunderbar und es war angenehm warm. Nachdem wir unsere Fahrkarten mit Ziel Sch\u00fcpfheim gel\u00f6st hatten, ging die Zugfahrt im alten BSL-Zug los. Der erste Teil der Wanderung ging es noch ziemlich sonnig dem Emmenuferweg entlang nach Hasle. Da besuchten wir einen Spielplatz und legten eine erste Verpflegungspause ein. Zuerst hat Aline den Spielplatz erforscht und anschliessend sind wir an das Emmenufer hinunter gegangen und haben uns dort im Schatten verweilt und haben ein Fussbad genommen. Aus einem kurzen Zwischenhalt wurde eine einst\u00fcndige Pause. Unsere Mittagsrast wollten wir hinter Entlebuch an einem Grillplatz einlegen und so ging es auf das zweite Wegst\u00fcck. Dort angekommen war schon eine Familie und wir konnten die Feuerstelle \u00fcbernehmen und unsere W\u00fcrste gleich drauflegen. Nach dem Mittagessen waren wir wiederum am Emmenufer mit Steine schiefern, Steinm\u00e4nnchen bauen und Badewannen f\u00fcr die F\u00fcsse bauen, besch\u00e4ftigt. Auf einmal hat Jana ihre beiden T\u00f6chter entdeckt, die auf dem gleichen Weg aber in die andere Richtung mit den Fahrr\u00e4dern ins Pfadilager nach Escholzmatt unterwegs waren. Diese hatten aber keine Zeit anzuhalten und mit uns zu plaudern. Gut gest\u00e4rkt nahmen wir den letzten Abschnitt des Weges unter die F\u00fcsse. Wir entdeckten aber nochmals einen sch\u00f6nen Platz am Emmenufer wo es noch Kaffe und Kuchen gab. Danke. Um halb sechs Uhr nahmen wir bei der Br\u00fccke nach Romoos das Postauto Richtung Wolhusen. F\u00fcr Aline gab es am Bahnhof das wohlverdiente Glace. Ich danke dir, Patrick, herzlich f\u00fcr diesen wundersch\u00f6nen Familienwandertag. Bis zum n\u00e4chsten Jahr. \u00a0<\/span><\/p>\n<p><strong><a href=\"https:\/\/picasaweb.google.com\/AlpenclubGerliswil\/FamilienwanderungEmmenuferweg\" target=\"_blank\">FOTOS<\/a><\/strong><\/p>\n<p><span style=\"color: #000000;\">Bericht: Beat Hoitinga<br \/>\nFotos: Patrick Burri<\/span><\/p>\n","protected":false},"excerpt":{"rendered":"<p>Familienwanderung Emmenuferweg vom 6. Juli 2014 \u00a0 Als wir (Jana, Patrick, Aline und Beat) uns am Bahnhof in Wolhusen trafen, schien die Sonne schon wunderbar und es war angenehm warm. Nachdem wir unsere Fahrkarten mit Ziel Sch\u00fcpfheim gel\u00f6st hatten, ging die Zugfahrt im alten BSL-Zug los. Der erste Teil der Wanderung ging es noch ziemlich [&hellip;]<\/p>\n","protected":false},"author":2,"featured_media":0,"parent":375,"menu_order":0,"comment_status":"closed","ping_status":"closed","template":"","meta":{"footnotes":""},"class_list":["post-1066","page","type-page","status-publish","hentry"],"jetpack_shortlink":"https:\/\/wp.me\/P2UVFM-hc","jetpack_sharing_enabled":true,"_links":{"self":[{"href":"https:\/\/www.alpenclub-gerliswil.ch\/wp\/wp-json\/wp\/v2\/pages\/1066","targetHints":{"allow":["GET"]}}],"collection":[{"href":"https:\/\/www.alpenclub-gerliswil.ch\/wp\/wp-json\/wp\/v2\/pages"}],"about":[{"href":"https:\/\/www.alpenclub-gerliswil.ch\/wp\/wp-json\/wp\/v2\/types\/page"}],"author":[{"embeddable":true,"href":"https:\/\/www.alpenclub-gerliswil.ch\/wp\/wp-json\/wp\/v2\/users\/2"}],"replies":[{"embeddable":true,"href":"https:\/\/www.alpenclub-gerliswil.ch\/wp\/wp-json\/wp\/v2\/comments?post=1066"}],"version-history":[{"count":1,"href":"https:\/\/www.alpenclub-gerliswil.ch\/wp\/wp-json\/wp\/v2\/pages\/1066\/revisions"}],"predecessor-version":[{"id":1067,"href":"https:\/\/www.alpenclub-gerliswil.ch\/wp\/wp-json\/wp\/v2\/pages\/1066\/revisions\/1067"}],"up":[{"embeddable":true,"href":"https:\/\/www.alpenclub-gerliswil.ch\/wp\/wp-json\/wp\/v2\/pages\/375"}],"wp:attachment":[{"href":"https:\/\/www.alpenclub-gerliswil.ch\/wp\/wp-json\/wp\/v2\/media?parent=1066"}],"curies":[{"name":"wp","href":"https:\/\/api.w.org\/{rel}","templated":true}]}}