{"id":1230,"date":"2015-02-14T17:04:47","date_gmt":"2015-02-14T15:04:47","guid":{"rendered":"http:\/\/www.alpenclub-gerliswil.ch\/wp\/?page_id=1230"},"modified":"2015-02-14T17:04:47","modified_gmt":"2015-02-14T15:04:47","slug":"seewenseeli","status":"publish","type":"page","link":"https:\/\/www.alpenclub-gerliswil.ch\/wp\/fotos-berichte\/tourenberichte\/seewenseeli\/","title":{"rendered":"Seewenseeli"},"content":{"rendered":"<p><strong><span style=\"color: #0000ff;\">Schneeschuhtour Seewenseeli 08. Februar 2015<\/span><\/strong><\/p>\n<p><span style=\"color: #000000;\">Sechs Kl\u00fcpler erlebten einmal mehr einen tollen Schneetag, auch wenn das Wetter nicht topp war..\u00a0Im St\u00e4ldeli ob Fl\u00fchli starteten wir bei Schneefall aber irgendwie hatte das seinen Reiz. Die B\u00e4ume waren anfangs noch voller Biecht und Schnee. Wir liefen durch eine M\u00e4rchenlandschaft. Pl\u00f6tzlich riss die Wolkendecke auf und wir konnten das ganze im Sonnenschein bewundern.\u00a0Beim Seeli verpflegten wir uns nur kurz, da die Temperaturen doch im k\u00fchleren Bereich waren.\u00a0Wir liefen dem See entlang und hinten angelangt ging der Spass des Abstieges los, das uns die super Schneeverh\u00e4ltnisse erlaubten. Grosse Freude herrschte! Mit Riesenschritten auf dem Hosenboden oder mit st\u00fcrzen in den weichen Schnee.\u00a0Zwischendurch gaben Peter und Hans noch eine kurze Lawinenkunde mit Schneeprofil.\u00a0Zur\u00fcck im St\u00e4ldeli liessen wir uns von derer K\u00fcche verw\u00f6hnen und Evelyne spendierte noch eine Runde, da sie als Neumitglied das erste Mal dabei sein durfte. Vielen Dank und bis zum n\u00e4chsten Mal.<\/span><\/p>\n<p><span style=\"color: #000000;\">Teilnehmer: Peter H\u00e4fliger, Hans Obert\u00fcfer, Hanny Th\u00fcrig, Evelyne Godel, Lisbeth B\u00fchlmann und Vreni Brunner<\/span><\/p>\n<p><strong><a href=\"https:\/\/picasaweb.google.com\/AlpenclubGerliswil\/Seewenseeli\" target=\"_blank\">FOTOS<\/a><\/strong><\/p>\n<p><span style=\"color: #000000;\">Bericht &amp; Fotos: Vreni Brunner<\/span><\/p>\n","protected":false},"excerpt":{"rendered":"<p>Schneeschuhtour Seewenseeli 08. Februar 2015 Sechs Kl\u00fcpler erlebten einmal mehr einen tollen Schneetag, auch wenn das Wetter nicht topp war..\u00a0Im St\u00e4ldeli ob Fl\u00fchli starteten wir bei Schneefall aber irgendwie hatte das seinen Reiz. Die B\u00e4ume waren anfangs noch voller Biecht und Schnee. Wir liefen durch eine M\u00e4rchenlandschaft. Pl\u00f6tzlich riss die Wolkendecke auf und wir konnten [&hellip;]<\/p>\n","protected":false},"author":2,"featured_media":0,"parent":375,"menu_order":0,"comment_status":"closed","ping_status":"closed","template":"","meta":{"footnotes":""},"class_list":["post-1230","page","type-page","status-publish","hentry"],"jetpack_shortlink":"https:\/\/wp.me\/P2UVFM-jQ","jetpack_sharing_enabled":true,"_links":{"self":[{"href":"https:\/\/www.alpenclub-gerliswil.ch\/wp\/wp-json\/wp\/v2\/pages\/1230","targetHints":{"allow":["GET"]}}],"collection":[{"href":"https:\/\/www.alpenclub-gerliswil.ch\/wp\/wp-json\/wp\/v2\/pages"}],"about":[{"href":"https:\/\/www.alpenclub-gerliswil.ch\/wp\/wp-json\/wp\/v2\/types\/page"}],"author":[{"embeddable":true,"href":"https:\/\/www.alpenclub-gerliswil.ch\/wp\/wp-json\/wp\/v2\/users\/2"}],"replies":[{"embeddable":true,"href":"https:\/\/www.alpenclub-gerliswil.ch\/wp\/wp-json\/wp\/v2\/comments?post=1230"}],"version-history":[{"count":1,"href":"https:\/\/www.alpenclub-gerliswil.ch\/wp\/wp-json\/wp\/v2\/pages\/1230\/revisions"}],"predecessor-version":[{"id":1231,"href":"https:\/\/www.alpenclub-gerliswil.ch\/wp\/wp-json\/wp\/v2\/pages\/1230\/revisions\/1231"}],"up":[{"embeddable":true,"href":"https:\/\/www.alpenclub-gerliswil.ch\/wp\/wp-json\/wp\/v2\/pages\/375"}],"wp:attachment":[{"href":"https:\/\/www.alpenclub-gerliswil.ch\/wp\/wp-json\/wp\/v2\/media?parent=1230"}],"curies":[{"name":"wp","href":"https:\/\/api.w.org\/{rel}","templated":true}]}}