{"id":1440,"date":"2015-10-29T11:40:09","date_gmt":"2015-10-29T09:40:09","guid":{"rendered":"http:\/\/www.alpenclub-gerliswil.ch\/wp\/?page_id=1440"},"modified":"2015-10-29T11:40:56","modified_gmt":"2015-10-29T09:40:56","slug":"galtigentuerme","status":"publish","type":"page","link":"https:\/\/www.alpenclub-gerliswil.ch\/wp\/fotos-berichte\/tourenberichte\/galtigentuerme\/","title":{"rendered":"Galtigent\u00fcrme"},"content":{"rendered":"<p><span style=\"color: #0000ff;\"><strong>Klettertour Galtigent\u00fcrme Pilatus 1750 m\u00fcM &#8211; Samstag, 12. September 2015<\/strong><\/span><\/p>\n<p><span style=\"color: #000000;\">Leitung: Fabian H\u00e4fliger<\/span><\/p>\n<p><span style=\"color: #000000;\">Bei sch\u00f6nstem Sp\u00e4tsommerwetter trafen sich am Samstag, 12. September 2015 vier Kletterer und eine Wandersfrau (Fabian H\u00e4fliger, Peter H\u00e4fliger, Hans Thalmann, Beat Hoitinga und Valeria H\u00e4fliger) am Treffpunkt in Emmenbr\u00fccke. Mit dem Auto ging es nach Alpnachstad wo wir um 08.15 Uhr die erste Bahn Richtung Pilatus bestiegen. Bei der Mittelstation in \u00c4msigen stiegen wir aus. Nach einer kurzen Wanderung erreichten wir den Einstieg an der Mattalpplatte. Noch waren wir alleine, aber das \u00e4nderte sich bald. Nach den ersten paar Seill\u00e4ngen gingen die ersten \u00dcberholman\u00f6ver los. Gesamthaft gesehen war es eine wundersch\u00f6ne Kletterei im vierten bis f\u00fcnften Schwierigkeitsgrad und an griffigem Kalkfelsen. Nach zwei Dritteln der Kletterstrecke legten wir eine kurze Mittagsrast ein. Nach ca. f\u00fcnf Stunden klettern hatten wir den obersten Punkt der Galtigent\u00fcrme erreicht. Nun galt es noch in fast weglosem Gel\u00e4nde den Esel hochzukrachseln. Das war noch ziemlich anspruchsvoll. Beim Ausstieg am Esel erwartete uns Valeria bereits, die von Alpnach auf den Pilatus zu Fuss unterwegs war. Jetzt haben wir eine kleine Erfrischung wirklich verdient. Auf der Sonnenterrasse des Pilatuskulmrestaurants genossen wir unser Bier. In einer gem\u00fctlichen Talfahrt mit der Pilatusstandseilbahn liessen wir den Tag nochmals Revue passieren. Ich danke dir Fabian f\u00fcr diese sch\u00f6ne Tour. Bis zum n\u00e4chsten Jahr.<\/span><\/p>\n<p><strong><a href=\"https:\/\/picasaweb.google.com\/AlpenclubGerliswil\/Galtigenturme\" target=\"_blank\">FOTOS<\/a><\/strong><\/p>\n<p><span style=\"color: #000000;\">Bericht: Beat Hoitinga<br \/>\nFotos: Fabian H\u00e4fliger<\/span><\/p>\n","protected":false},"excerpt":{"rendered":"<p>Klettertour Galtigent\u00fcrme Pilatus 1750 m\u00fcM &#8211; Samstag, 12. September 2015 Leitung: Fabian H\u00e4fliger Bei sch\u00f6nstem Sp\u00e4tsommerwetter trafen sich am Samstag, 12. September 2015 vier Kletterer und eine Wandersfrau (Fabian H\u00e4fliger, Peter H\u00e4fliger, Hans Thalmann, Beat Hoitinga und Valeria H\u00e4fliger) am Treffpunkt in Emmenbr\u00fccke. Mit dem Auto ging es nach Alpnachstad wo wir um 08.15 Uhr [&hellip;]<\/p>\n","protected":false},"author":2,"featured_media":0,"parent":375,"menu_order":0,"comment_status":"closed","ping_status":"closed","template":"","meta":{"footnotes":""},"class_list":["post-1440","page","type-page","status-publish","hentry"],"jetpack_shortlink":"https:\/\/wp.me\/P2UVFM-ne","jetpack_sharing_enabled":true,"_links":{"self":[{"href":"https:\/\/www.alpenclub-gerliswil.ch\/wp\/wp-json\/wp\/v2\/pages\/1440","targetHints":{"allow":["GET"]}}],"collection":[{"href":"https:\/\/www.alpenclub-gerliswil.ch\/wp\/wp-json\/wp\/v2\/pages"}],"about":[{"href":"https:\/\/www.alpenclub-gerliswil.ch\/wp\/wp-json\/wp\/v2\/types\/page"}],"author":[{"embeddable":true,"href":"https:\/\/www.alpenclub-gerliswil.ch\/wp\/wp-json\/wp\/v2\/users\/2"}],"replies":[{"embeddable":true,"href":"https:\/\/www.alpenclub-gerliswil.ch\/wp\/wp-json\/wp\/v2\/comments?post=1440"}],"version-history":[{"count":3,"href":"https:\/\/www.alpenclub-gerliswil.ch\/wp\/wp-json\/wp\/v2\/pages\/1440\/revisions"}],"predecessor-version":[{"id":1443,"href":"https:\/\/www.alpenclub-gerliswil.ch\/wp\/wp-json\/wp\/v2\/pages\/1440\/revisions\/1443"}],"up":[{"embeddable":true,"href":"https:\/\/www.alpenclub-gerliswil.ch\/wp\/wp-json\/wp\/v2\/pages\/375"}],"wp:attachment":[{"href":"https:\/\/www.alpenclub-gerliswil.ch\/wp\/wp-json\/wp\/v2\/media?parent=1440"}],"curies":[{"name":"wp","href":"https:\/\/api.w.org\/{rel}","templated":true}]}}