{"id":2025,"date":"2017-07-19T18:25:36","date_gmt":"2017-07-19T16:25:36","guid":{"rendered":"http:\/\/www.alpenclub-gerliswil.ch\/wp\/?page_id=2025"},"modified":"2017-07-19T18:25:36","modified_gmt":"2017-07-19T16:25:36","slug":"gottardo","status":"publish","type":"page","link":"https:\/\/www.alpenclub-gerliswil.ch\/wp\/fotos-berichte\/tourenberichte\/gottardo\/","title":{"rendered":"Gottardo"},"content":{"rendered":"<p><span style=\"color: #0000ff;\"><strong>Gottardo-Wanderung 15. Juli 2017<\/strong><\/span><\/p>\n<p><span style=\"color: #000000;\">Trotz Ferienverkehr fanden sich die 22 Wanderer rechtzeitig bei der Post in Amsteg ein wo wir das Postauto nach G\u00f6schenen (\u00fcber)f\u00fcllten.<\/span><\/p>\n<p><span style=\"color: #000000;\">Die Wetterpropheten hatten westlich der Reuss bereits am Vormittag Aufhellungen verk\u00fcndet und am Nachmittag dann auch \u00f6stlich der Reuss. So wanderten wir halt am Vormittag auf der linken Reussseite um nach der Mittagsrast auf die rechte Talseite zu traversieren. Der Wetterbericht stimmte und nur der z\u00fcgige Talaufw\u00e4rtswind in G\u00f6schenen st\u00f6rte anf\u00e4nglich.<\/span><\/p>\n<p><span style=\"color: #000000;\">Der Gottardo-Wanderweg Nord ist 32 Km lang und f\u00fchrt bis nach Altdorf. Wir beschr\u00e4nkten uns auf das 16Km lange Teilst\u00fcck bis Amsteg. Unterwegs geben 50 Hinweistafeln Auskunft \u00fcber die Gotthardbahn, das Leben der Bewohner im oberen Reusstal sowie die Fauna und Flora dieser wundersch\u00f6nen aber kargen Landschaft. In Wassen, unserem ersten Halt, bestaunten wir das Bergbau-Museum wo man Auskunft \u00fcber den Abbau der Granitsteine erhielt die sowohl f\u00fcr den Bau der Gotthardbahn wie auch zum Export ben\u00fctzt wurden. Bei Gurtnellen erfuhren wir, dass im Jahr 1899 bis 130 Arbeiter in dieser kleinen Gemeinde Karbid abbauten. Es war das erste gr\u00f6ssere Industrieunternehmen im Kanton Uri. Am wundersch\u00f6nen Pic-Nic-Platz im Felliboden (mit sauberer WC-Anlage) belohnten wir die Wanderer mit einem Ap\u00e9ro, waren sie doch ohne zu murren an den diversen angeschriebenen H\u00e4usern vorbeimarschiert.<\/span><\/p>\n<p><span style=\"color: #000000;\">Nach der Mittagsrast kam der wohl sch\u00f6nste Teil der Wanderung. Zuerst folgten wir dem Ufer der Reuss um diese dann \u00fcber eine kleine H\u00e4ngebr\u00fccke zu \u00fcberqueren um auf der Gegenseite \u00fcber einen treppenartigen Aufstieg zu einem Aussichtspunkt zu gelangen. Der letzte Teil der Wanderung f\u00fchrte dann \u00fcber ein Naturstr\u00e4sschen zu den Kraftwerken von Amsteg und endlich auch zum wohlverdienten k\u00fchlen Getr\u00e4nk im \u201aHirschen\u2018. Man war sich einig: der Gottardo-Wanderweg ist sehr abwechslungsreich und wundersch\u00f6n angelegt und das wandern wird zur Nebensache wenn sich die Natur von ihrer sch\u00f6nsten Seite zeigt.<\/span><\/p>\n<p><strong><a href=\"https:\/\/photos.app.goo.gl\/wRg6GAWSqOeKAU453\" target=\"_blank\">FOTOS<\/a><\/strong><\/p>\n<p><span style=\"color: #000000;\">Bericht &amp; Leitung: Erich Bl\u00e4ttler<br \/>\nFotos: Regi &amp; Robi Stocker<\/span><\/p>\n","protected":false},"excerpt":{"rendered":"<p>Gottardo-Wanderung 15. Juli 2017 Trotz Ferienverkehr fanden sich die 22 Wanderer rechtzeitig bei der Post in Amsteg ein wo wir das Postauto nach G\u00f6schenen (\u00fcber)f\u00fcllten. Die Wetterpropheten hatten westlich der Reuss bereits am Vormittag Aufhellungen verk\u00fcndet und am Nachmittag dann auch \u00f6stlich der Reuss. So wanderten wir halt am Vormittag auf der linken Reussseite um [&hellip;]<\/p>\n","protected":false},"author":2,"featured_media":0,"parent":375,"menu_order":0,"comment_status":"closed","ping_status":"closed","template":"","meta":{"footnotes":""},"class_list":["post-2025","page","type-page","status-publish","hentry"],"jetpack_shortlink":"https:\/\/wp.me\/P2UVFM-wF","jetpack_sharing_enabled":true,"_links":{"self":[{"href":"https:\/\/www.alpenclub-gerliswil.ch\/wp\/wp-json\/wp\/v2\/pages\/2025","targetHints":{"allow":["GET"]}}],"collection":[{"href":"https:\/\/www.alpenclub-gerliswil.ch\/wp\/wp-json\/wp\/v2\/pages"}],"about":[{"href":"https:\/\/www.alpenclub-gerliswil.ch\/wp\/wp-json\/wp\/v2\/types\/page"}],"author":[{"embeddable":true,"href":"https:\/\/www.alpenclub-gerliswil.ch\/wp\/wp-json\/wp\/v2\/users\/2"}],"replies":[{"embeddable":true,"href":"https:\/\/www.alpenclub-gerliswil.ch\/wp\/wp-json\/wp\/v2\/comments?post=2025"}],"version-history":[{"count":1,"href":"https:\/\/www.alpenclub-gerliswil.ch\/wp\/wp-json\/wp\/v2\/pages\/2025\/revisions"}],"predecessor-version":[{"id":2026,"href":"https:\/\/www.alpenclub-gerliswil.ch\/wp\/wp-json\/wp\/v2\/pages\/2025\/revisions\/2026"}],"up":[{"embeddable":true,"href":"https:\/\/www.alpenclub-gerliswil.ch\/wp\/wp-json\/wp\/v2\/pages\/375"}],"wp:attachment":[{"href":"https:\/\/www.alpenclub-gerliswil.ch\/wp\/wp-json\/wp\/v2\/media?parent=2025"}],"curies":[{"name":"wp","href":"https:\/\/api.w.org\/{rel}","templated":true}]}}