{"id":2155,"date":"2018-01-18T20:02:18","date_gmt":"2018-01-18T18:02:18","guid":{"rendered":"http:\/\/www.alpenclub-gerliswil.ch\/wp\/?page_id=2155"},"modified":"2018-01-22T19:42:30","modified_gmt":"2018-01-22T17:42:30","slug":"skitour-taelligrat","status":"publish","type":"page","link":"https:\/\/www.alpenclub-gerliswil.ch\/wp\/fotos-berichte\/tourenberichte\/skitour-taelligrat\/","title":{"rendered":"Skitour T\u00e4lligrat"},"content":{"rendered":"<p><span style=\"color: #0000ff;\"><strong>Skitour Glattegrat (Ausweichtour zum T\u00e4lligrat) &#8211; 13. Januar 2018<\/strong><\/span><\/p>\n<p><span style=\"color: #000000;\">Wegen des grossen Regens war in der Zentralschweiz nichts mehr Gescheites zu machen und so entschied ich mich nach langem Hin und Her, dass ich halt mal wieder in mein geliebtes Urnerland auswich. Offenbar waren alle T\u00fcrler in diesem Dillemma, denn man hatte das Gef\u00fchl, dass sich die ganze Schweizer- und Italien-Tourenwelt nach Realp bewegte. Die H\u00fcgel rundherum glichen alle Ameisenhaufen und das ganze Realp war mit Autos bis weit vor dem Dorf zubetoniert, so dass der Verkehrsdienst aufgeboten werden musste.<\/span><\/p>\n<p><span style=\"color: #000000;\"> Der Grund war schnell klar. Super Pulver von oben bis unten und vor allem f\u00fcr alle hatte es genug tolle H\u00e4nge, die mit Genuss befahren werden konnten. Dies mal vorab.<\/span><\/p>\n<p><span style=\"color: #000000;\"> Matthias, Eugen, Annette, Mala, Ruth und ich starteten um ca. 08:00 in Realp zu einer pr\u00e4chtigen Neuschneetour. Dass wir um diese Zeit nicht mehr spuren mussten \u00fcberraschte nicht. So konnten wir genussvoll die Sache angehen und nach ca. 4 Std. erreichten wir den Gipfel, der sich erstaunlich warm und windstill pr\u00e4sentierte. Aufgrund der vielen Leute auf dem Plateau hielten wir uns jedoch nicht so lange auf, denn eine sch\u00f6ne Pulverabfahrt wollten wir uns definitiv nicht entgehen lassen. <\/span><br \/>\n<span style=\"color: #000000;\"> Wie immer sind die tollsten Abfahrten zu schnell zu Ende und wir machten an der Winterweg-Verzweigung zur Rotondo nochmals eine Rast, um doch noch etwas Sonne zu tanken und den restlichen Tee zu trinken. <\/span><br \/>\n<span style=\"color: #000000;\"> Die Strasse runter war dann wie \u00fcblich etwas langweilig. Trotzdem wurde noch etwas Geschick verlangt, denn eine ziemlich grobk\u00f6rnige Lawine quer \u00fcber die Strasse konnte mit den Skiern nicht \u00fcberquert werden und so war dann noch ein kleiner Fussmarsch in die Tour eingebaut.<\/span><\/p>\n<p><span style=\"color: #000000;\"> Bei einem gem\u00fctlichen Kaffee und gemeinsamem Tr\u00e4umen von der absolut tollen Abfahrt liessen wir die Tour ausklingen. Danach hiess es wieder adieu zu sagen und mit toller Pulvererrinnerung gings wieder nach Hause <\/span><br \/>\n<span style=\"color: #000000;\"> Es gr\u00fcsst der Tourenleiter<\/span><br \/>\n<span style=\"color: #000000;\"> Patrick<\/span><\/p>\n<p><a href=\"https:\/\/photos.app.goo.gl\/v6NFjtQCRWoRz1kt1\" target=\"_blank\"><span style=\"color: #000000;\"><strong>FOTOS<\/strong><\/span><\/a><\/p>\n<p><span style=\"color: #000000;\">Bericht &amp; Fotos: Patrick Burr<\/span>i<\/p>\n","protected":false},"excerpt":{"rendered":"<p>Skitour Glattegrat (Ausweichtour zum T\u00e4lligrat) &#8211; 13. Januar 2018 Wegen des grossen Regens war in der Zentralschweiz nichts mehr Gescheites zu machen und so entschied ich mich nach langem Hin und Her, dass ich halt mal wieder in mein geliebtes Urnerland auswich. Offenbar waren alle T\u00fcrler in diesem Dillemma, denn man hatte das Gef\u00fchl, dass [&hellip;]<\/p>\n","protected":false},"author":2,"featured_media":0,"parent":375,"menu_order":0,"comment_status":"closed","ping_status":"closed","template":"","meta":{"footnotes":""},"class_list":["post-2155","page","type-page","status-publish","hentry"],"jetpack_shortlink":"https:\/\/wp.me\/P2UVFM-yL","jetpack_sharing_enabled":true,"_links":{"self":[{"href":"https:\/\/www.alpenclub-gerliswil.ch\/wp\/wp-json\/wp\/v2\/pages\/2155","targetHints":{"allow":["GET"]}}],"collection":[{"href":"https:\/\/www.alpenclub-gerliswil.ch\/wp\/wp-json\/wp\/v2\/pages"}],"about":[{"href":"https:\/\/www.alpenclub-gerliswil.ch\/wp\/wp-json\/wp\/v2\/types\/page"}],"author":[{"embeddable":true,"href":"https:\/\/www.alpenclub-gerliswil.ch\/wp\/wp-json\/wp\/v2\/users\/2"}],"replies":[{"embeddable":true,"href":"https:\/\/www.alpenclub-gerliswil.ch\/wp\/wp-json\/wp\/v2\/comments?post=2155"}],"version-history":[{"count":4,"href":"https:\/\/www.alpenclub-gerliswil.ch\/wp\/wp-json\/wp\/v2\/pages\/2155\/revisions"}],"predecessor-version":[{"id":2163,"href":"https:\/\/www.alpenclub-gerliswil.ch\/wp\/wp-json\/wp\/v2\/pages\/2155\/revisions\/2163"}],"up":[{"embeddable":true,"href":"https:\/\/www.alpenclub-gerliswil.ch\/wp\/wp-json\/wp\/v2\/pages\/375"}],"wp:attachment":[{"href":"https:\/\/www.alpenclub-gerliswil.ch\/wp\/wp-json\/wp\/v2\/media?parent=2155"}],"curies":[{"name":"wp","href":"https:\/\/api.w.org\/{rel}","templated":true}]}}