{"id":2230,"date":"2018-04-28T14:17:12","date_gmt":"2018-04-28T12:17:12","guid":{"rendered":"http:\/\/www.alpenclub-gerliswil.ch\/wp\/?page_id=2230"},"modified":"2018-04-28T14:17:12","modified_gmt":"2018-04-28T12:17:12","slug":"ohmstal","status":"publish","type":"page","link":"https:\/\/www.alpenclub-gerliswil.ch\/wp\/fotos-berichte\/tourenberichte\/ohmstal\/","title":{"rendered":"Ohmstal"},"content":{"rendered":"<p><strong><span style=\"color: #0000ff;\">Rundgang von\u00a0Ohmstal &#8211; Samstag, 07. April 2018<\/span><\/strong><\/p>\n<p><span style=\"color: #000000;\">Endlich ist Fr\u00fchlingswetter angesagt. 24 ACG\u2018ler\/Innen melden Interesse an der Tour im Luzerner Hinterland. Vom Kurhaus Ohmstal aus wandern wir von einem Hof zum andern, mal etwas ansteigend, dann wieder etwas runter. Es ist schwierig vor lauter H\u00fcgeln die Orientierung zu behalten. Die K\u00fche auf den Weiden sind sich noch nicht an Wanderer gewohnt und glotzen uns an. Nach einem kurzen St\u00fcck durch den Wald sind wir im R\u00fctigraben. Hier ist es eng und wir sehen einige abgeschiedene H\u00f6fe an den stozigen H\u00e4ngen kleben. Wir w\u00e4hlen den Weg dem R\u00fctib\u00e4chlein entlang Richtung Ebersecken und zweigen dann ab zum Hof Unter Gretti, dann Ober Gretti und Schl\u00e4mpen.<\/span><\/p>\n<p><span style=\"color: #000000;\">Auch die Bauern nutzen den Fr\u00fchlingstag und so ist die Luft mit einem speziellen Duft geschw\u00e4ngert. Die Schuhe bleiben aber sauber!!!!<\/span><\/p>\n<p><span style=\"color: #000000;\">Am Waldrand, beim Vogelsang mit Vogelsang, ist Mittagspause angesagt. Ein gepflegter Rastplatz steht uns zur Verf\u00fcgung. Von hier h\u00e4tte man einen wunderbaren Rundblick vom S\u00e4ntis bis zum Schwarzwald. Leider verwehrt uns der Saharastaub eine klare Sicht.<\/span><\/p>\n<p><span style=\"color: #000000;\">Wir geniessen trotzdem den Ap\u00e9ro mit Speckgugelhopf und das mitgebrachte Picknick.<\/span><\/p>\n<p><span style=\"color: #000000;\">Im Teilst\u00fcck von Vogelsang hat Burglinde stark gew\u00fctet. Die Bauern waren aber sehr fleissig und haben schon wieder aufgeforstet. Beim Weiterwandern w\u00e4hlen wir den Weg am Waldrand entlang Richtung K\u00e4serei Berghof und \u00fcber Gallis zur\u00fcck nach Ohmstal.<\/span><\/p>\n<p><span style=\"color: #000000;\">Im Kurhaus gibt es auf der Terrasse Platz f\u00fcr uns und wir l\u00f6schen vor der R\u00fcckfahrt unseren Durst.<\/span><\/p>\n<p><span style=\"color: #000000;\">Sch\u00f6n, dass ihr mich begleitet habt.<\/span><\/p>\n<p><strong><a href=\"https:\/\/photos.google.com\/share\/AF1QipNMuMzOg7c1eZLyWXWBJyVp7mhebQl_A0Oz4gmfefsclqI7ntUUlmfegRN8UVxQrg?key=R1JMemdIOG02Zl93Vi1BYzQ4MUhsejVtdzhKMGxR\" target=\"_blank\">FOTOS<\/a><\/strong><\/p>\n<p><span style=\"color: #000000;\">Bericht: Hanny Th\u00fcrig<br \/>\nFotos: Hans Kurmann<\/span><\/p>\n","protected":false},"excerpt":{"rendered":"<p>Rundgang von\u00a0Ohmstal &#8211; Samstag, 07. April 2018 Endlich ist Fr\u00fchlingswetter angesagt. 24 ACG\u2018ler\/Innen melden Interesse an der Tour im Luzerner Hinterland. Vom Kurhaus Ohmstal aus wandern wir von einem Hof zum andern, mal etwas ansteigend, dann wieder etwas runter. Es ist schwierig vor lauter H\u00fcgeln die Orientierung zu behalten. Die K\u00fche auf den Weiden sind [&hellip;]<\/p>\n","protected":false},"author":2,"featured_media":0,"parent":375,"menu_order":0,"comment_status":"closed","ping_status":"closed","template":"","meta":{"footnotes":""},"class_list":["post-2230","page","type-page","status-publish","hentry"],"jetpack_shortlink":"https:\/\/wp.me\/P2UVFM-zY","jetpack_sharing_enabled":true,"_links":{"self":[{"href":"https:\/\/www.alpenclub-gerliswil.ch\/wp\/wp-json\/wp\/v2\/pages\/2230","targetHints":{"allow":["GET"]}}],"collection":[{"href":"https:\/\/www.alpenclub-gerliswil.ch\/wp\/wp-json\/wp\/v2\/pages"}],"about":[{"href":"https:\/\/www.alpenclub-gerliswil.ch\/wp\/wp-json\/wp\/v2\/types\/page"}],"author":[{"embeddable":true,"href":"https:\/\/www.alpenclub-gerliswil.ch\/wp\/wp-json\/wp\/v2\/users\/2"}],"replies":[{"embeddable":true,"href":"https:\/\/www.alpenclub-gerliswil.ch\/wp\/wp-json\/wp\/v2\/comments?post=2230"}],"version-history":[{"count":1,"href":"https:\/\/www.alpenclub-gerliswil.ch\/wp\/wp-json\/wp\/v2\/pages\/2230\/revisions"}],"predecessor-version":[{"id":2231,"href":"https:\/\/www.alpenclub-gerliswil.ch\/wp\/wp-json\/wp\/v2\/pages\/2230\/revisions\/2231"}],"up":[{"embeddable":true,"href":"https:\/\/www.alpenclub-gerliswil.ch\/wp\/wp-json\/wp\/v2\/pages\/375"}],"wp:attachment":[{"href":"https:\/\/www.alpenclub-gerliswil.ch\/wp\/wp-json\/wp\/v2\/media?parent=2230"}],"curies":[{"name":"wp","href":"https:\/\/api.w.org\/{rel}","templated":true}]}}