{"id":2312,"date":"2018-08-12T12:59:17","date_gmt":"2018-08-12T10:59:17","guid":{"rendered":"http:\/\/www.alpenclub-gerliswil.ch\/wp\/?page_id=2312"},"modified":"2018-08-12T13:00:09","modified_gmt":"2018-08-12T11:00:09","slug":"gelmerhuette","status":"publish","type":"page","link":"https:\/\/www.alpenclub-gerliswil.ch\/wp\/fotos-berichte\/tourenberichte\/gelmerhuette\/","title":{"rendered":"Gelmerh\u00fctte"},"content":{"rendered":"<p><span style=\"color: #0000ff;\"><strong>Bergwanderung Gelmerh\u00fctte (2412m), Samstag 04.08.2018<\/strong><\/span><\/p>\n<p><span style=\"color: #000000;\">Tourenleitung: Evelyne Godel<\/span><\/p>\n<p><span style=\"color: #000000;\">Wetterprognose &#8211; ein heisser Sommertag<\/span><\/p>\n<p><span style=\"color: #000000;\">Um 06.30 Uhr machen sich 12 ACG&#8217;ler auf den Weg ins Grimselgebiet. Die Wanderung startet um 8 Uhr vom Parkplatz Kunzent\u00e4nnlein an der Grimselpasstrasse. Es ist herrlich frisch als wir los wandern und eine fr\u00f6hliche Stimmung herrscht. Eine halbe Stunde angenehme Steigung, dann wird der letzte Teil zum Gelmersee steiler und einige aus Steinen angelegte Treppenstufen sind zu \u00fcberwinden. Was uns nach 45 Min. Aufstieg bietet ist schlichtweg fantastisch! Der Gelmersee in der Morgenstimmung, umrahmt von den steilen Bergen der Grimselwelt\u2026 wir sind sprachlos! (aber nicht f\u00fcr lange ;-).<\/span><\/p>\n<p><span style=\"color: #000000;\">Wir \u00fcberqueren die Staumauer, machen an einem sonnigen Platz eine Pause und geniessen die Umgebung. Einige Zeit sp\u00e4ter wandern wir weiter auf der Nordseite des Gelmersee. Spektakul\u00e4r ist der Weg, der zum Teil in den senkrechten Felsen gehauen wurde. Nach einer halben Stunde erreichen wir die Weggabelung Undrist Diechter. Von hier aus geht es \u00a0steil hinauf \u00fcber Ger\u00f6llh\u00e4nge und grosse, treppenartig\u00a0angelegte Steine bis zur Gelmerh\u00fctte. Wir sind froh, dass wir gr\u00f6sstenteils im Schatten laufen k\u00f6nnen. In der H\u00fctte angekommen, geniessen wir die Aussicht und sind erstaunt wie viele H\u00f6henmeter wir zur\u00fcck gelegt haben, strahlt uns doch der Gelmersee von weit unten entgegen. Tolle Leistung von allen &#8211; Bravo! Wir verpflegen uns mit dem mitgebrachten Picknick oder aus der H\u00fcttenk\u00fcche und genehmigen uns dazu ein &#8222;Gipfel-Getr\u00e4nk&#8220; je nach Gusto.<\/span><\/p>\n<p><span style=\"color: #000000;\">Der Abstieg zum Gelmersee erfolgt auf gleichem Weg und erfordert Konzentration. Wieder an der Weggabelung Undrist Diechter angekommen, w\u00e4hlen wir f\u00fcr den R\u00fcckweg die S\u00fcdseite des Gelmersee. Bevor wir jedoch weiter wandern, l\u00e4dt der klare blaue Gelmersee zu einem Fussbad ein. Den angenehmen Temperaturen des Bergsee (ca. 19 Grad) k\u00f6nnen Regi und Ruth nicht wiederstehen und gehen eine Runde schwimmen. Robi baut in der Zwischenzeit ein Steinmandli, welches anschliessend als gutes Fotosujet dient.<\/span><\/p>\n<p><span style=\"color: #000000;\">Wir geniessen den restlichen Weg entlang des Gelmersee. Bevor wir die letzte halbe Stunde hinunter zum Auto in Angriff nehmen, werfen wir einen Blick zur\u00fcck und bestaunen die ganze Route, die wir in den letzten 4.5 Stunden absolviert haben.<\/span><\/p>\n<p><span style=\"color: #000000;\">Zum Abschluss des Wandertages fahren wir zum Restaurant Handegg, geniessen ein k\u00fchles Getr\u00e4nk und plaudern und lachen \u00fcber dies und das.<\/span><\/p>\n<p><span style=\"color: #000000;\">Herzlichen Dank an alle f\u00fcr den tollen Tag.<\/span><br \/>\n<span style=\"color: #000000;\"><br \/>\n&#8211; Route: Kunzent\u00e4nnlein-Gelmersee Nord-Gelmerh\u00fctte-Gelmersee S\u00fcd-Kunzent\u00e4nnlein<\/span><br \/>\n<span style=\"color: #000000;\">&#8211; Marschzeit:\u00a0\u00a0 5 Std.<br \/>\n<\/span><span style=\"color: #000000;\">&#8211; H\u00f6henmeter: 950m<br \/>\n<\/span><a href=\"http:\/\/www.gelmerhuette.ch\">www.gelmerhuette.ch<\/a><\/p>\n<p><span style=\"color: #000000;\">Teilnehmer: Robi, Regi, Yolanda, Susanne, Ruth, Walti, Hanny, Annelies, Vreni, Erna, Isabelle, Evelyne<\/span><\/p>\n<p><strong><a href=\"https:\/\/photos.app.goo.gl\/oW339XopX5cTU8Jo7\" target=\"_blank\">FOTOS<\/a><\/strong><\/p>\n<p><span style=\"color: #000000;\">Bericht &amp; Fotos: Evelyne Godel<\/span><\/p>\n","protected":false},"excerpt":{"rendered":"<p>Bergwanderung Gelmerh\u00fctte (2412m), Samstag 04.08.2018 Tourenleitung: Evelyne Godel Wetterprognose &#8211; ein heisser Sommertag Um 06.30 Uhr machen sich 12 ACG&#8217;ler auf den Weg ins Grimselgebiet. Die Wanderung startet um 8 Uhr vom Parkplatz Kunzent\u00e4nnlein an der Grimselpasstrasse. Es ist herrlich frisch als wir los wandern und eine fr\u00f6hliche Stimmung herrscht. Eine halbe Stunde angenehme Steigung, [&hellip;]<\/p>\n","protected":false},"author":2,"featured_media":0,"parent":375,"menu_order":0,"comment_status":"closed","ping_status":"closed","template":"","meta":{"footnotes":""},"class_list":["post-2312","page","type-page","status-publish","hentry"],"jetpack_shortlink":"https:\/\/wp.me\/P2UVFM-Bi","jetpack_sharing_enabled":true,"_links":{"self":[{"href":"https:\/\/www.alpenclub-gerliswil.ch\/wp\/wp-json\/wp\/v2\/pages\/2312","targetHints":{"allow":["GET"]}}],"collection":[{"href":"https:\/\/www.alpenclub-gerliswil.ch\/wp\/wp-json\/wp\/v2\/pages"}],"about":[{"href":"https:\/\/www.alpenclub-gerliswil.ch\/wp\/wp-json\/wp\/v2\/types\/page"}],"author":[{"embeddable":true,"href":"https:\/\/www.alpenclub-gerliswil.ch\/wp\/wp-json\/wp\/v2\/users\/2"}],"replies":[{"embeddable":true,"href":"https:\/\/www.alpenclub-gerliswil.ch\/wp\/wp-json\/wp\/v2\/comments?post=2312"}],"version-history":[{"count":3,"href":"https:\/\/www.alpenclub-gerliswil.ch\/wp\/wp-json\/wp\/v2\/pages\/2312\/revisions"}],"predecessor-version":[{"id":2315,"href":"https:\/\/www.alpenclub-gerliswil.ch\/wp\/wp-json\/wp\/v2\/pages\/2312\/revisions\/2315"}],"up":[{"embeddable":true,"href":"https:\/\/www.alpenclub-gerliswil.ch\/wp\/wp-json\/wp\/v2\/pages\/375"}],"wp:attachment":[{"href":"https:\/\/www.alpenclub-gerliswil.ch\/wp\/wp-json\/wp\/v2\/media?parent=2312"}],"curies":[{"name":"wp","href":"https:\/\/api.w.org\/{rel}","templated":true}]}}