{"id":2582,"date":"2019-07-26T14:38:28","date_gmt":"2019-07-26T12:38:28","guid":{"rendered":"http:\/\/www.alpenclub-gerliswil.ch\/wp\/?page_id=2582"},"modified":"2019-07-26T14:38:28","modified_gmt":"2019-07-26T12:38:28","slug":"vrenelisgaertli","status":"publish","type":"page","link":"https:\/\/www.alpenclub-gerliswil.ch\/wp\/fotos-berichte\/tourenberichte\/vrenelisgaertli\/","title":{"rendered":"Vrenelisg\u00e4rtli"},"content":{"rendered":"<p><span style=\"color: #0000ff;\"><strong>Hochtour Vrenelisg\u00e4rtli vom 13.\/14. Juli 2019<\/strong><\/span><\/p>\n<p><span style=\"color: #000000;\">Die Entscheidung die Tour durchzuf\u00fchren oder nicht, war nicht einfach. Am Donnerstagabend sah das Wetter noch nicht so gut aus f\u00fcr den Sonntag. Aber die Tendenz war, dass sich das Wetter von Tag zu Tag verbessert. Also haben wir uns entschieden, zu gehen. Am Samstagmorgen trafen wir uns am Bahnhof Emmenbr\u00fccke und fuhren zusammen ins Kl\u00f6ntal nach Pl\u00e4tz. Nach einem feinen Mittagessen nahmen wir den Aufstieg zur Gl\u00e4rnischh\u00fctte unter die F\u00fcsse. Nach knapp drei Stunden waren wir oben. Das Wetter war bew\u00f6lkt, aber zum Gl\u00fcck kein Regen und nicht zu warm. Wir genossen einen sch\u00f6nen H\u00fcttenabend mit gutem Essen. Wir wollten eigentlich am n\u00e4chsten Morgen um 4.45 Uhr los. Der H\u00fcttenwart sagte uns aber, dass es erst um 5.00 Uhr Morgenessen gibt. So ist es nun mal. Nach einer kurzen Nacht konnten wir um 4.45 Uhr an den Fr\u00fchst\u00fcckstisch sitzen. Um 5.15 Uhr sind wir losmarschiert bis auf den Gletscher. Da der Firn hart war und nicht mehr in grossen Mengen lag, entschied ich mich am Seil und Steigeisen weiterzugehen. Um 8.00 Uhr waren wir an der Abseilstelle zum Schwandergrat. Mit unseren Klettersteigsets waren wir schnell unten und gingen am kurzen Seil aufs Vrenelisg\u00e4rtli, das wir um ca. 9.00 Uhr erreichten. Nach einer ausgiebigen Rast nahmen wir den R\u00fcckweg in Angriff. Der Abstieg auf dem Gletscher ging m\u00fchelos, da der Firn noch nicht gross aufgeweicht war. Um 12.15 Uhr waren wir zur\u00fcck auf der Gl\u00e4rnischh\u00fctte. Hier verk\u00f6stigten wir uns nochmals. Der Abstieg nach Pl\u00e4tz war eher m\u00fchsam, da er steil ist und wir schon ein paar Stunden unterwegs waren. Das letzte St\u00fcck von Ch\u00e4seren nach Pl\u00e4tz absolvierten wir mit dem Alpentaxi. Ein sch\u00f6ner Tag mit tollen Bergkameraden ging zu Ende.<\/span><\/p>\n<p><span style=\"color: #000000;\">Teilnehmer: Ruth Heimo-Diem, Markus Nieder\u00f6st, Beat Hoitinga (Tourenleiter und Bericht)<\/span><\/p>\n<p><strong><a href=\"https:\/\/photos.app.goo.gl\/3Gx4qybigoqtBkxv6\" target=\"_blank\">FOTOS<\/a><\/strong><\/p>\n","protected":false},"excerpt":{"rendered":"<p>Hochtour Vrenelisg\u00e4rtli vom 13.\/14. Juli 2019 Die Entscheidung die Tour durchzuf\u00fchren oder nicht, war nicht einfach. Am Donnerstagabend sah das Wetter noch nicht so gut aus f\u00fcr den Sonntag. Aber die Tendenz war, dass sich das Wetter von Tag zu Tag verbessert. Also haben wir uns entschieden, zu gehen. Am Samstagmorgen trafen wir uns am [&hellip;]<\/p>\n","protected":false},"author":2,"featured_media":0,"parent":375,"menu_order":0,"comment_status":"closed","ping_status":"closed","template":"","meta":{"footnotes":""},"class_list":["post-2582","page","type-page","status-publish","hentry"],"jetpack_shortlink":"https:\/\/wp.me\/P2UVFM-FE","jetpack_sharing_enabled":true,"_links":{"self":[{"href":"https:\/\/www.alpenclub-gerliswil.ch\/wp\/wp-json\/wp\/v2\/pages\/2582","targetHints":{"allow":["GET"]}}],"collection":[{"href":"https:\/\/www.alpenclub-gerliswil.ch\/wp\/wp-json\/wp\/v2\/pages"}],"about":[{"href":"https:\/\/www.alpenclub-gerliswil.ch\/wp\/wp-json\/wp\/v2\/types\/page"}],"author":[{"embeddable":true,"href":"https:\/\/www.alpenclub-gerliswil.ch\/wp\/wp-json\/wp\/v2\/users\/2"}],"replies":[{"embeddable":true,"href":"https:\/\/www.alpenclub-gerliswil.ch\/wp\/wp-json\/wp\/v2\/comments?post=2582"}],"version-history":[{"count":1,"href":"https:\/\/www.alpenclub-gerliswil.ch\/wp\/wp-json\/wp\/v2\/pages\/2582\/revisions"}],"predecessor-version":[{"id":2583,"href":"https:\/\/www.alpenclub-gerliswil.ch\/wp\/wp-json\/wp\/v2\/pages\/2582\/revisions\/2583"}],"up":[{"embeddable":true,"href":"https:\/\/www.alpenclub-gerliswil.ch\/wp\/wp-json\/wp\/v2\/pages\/375"}],"wp:attachment":[{"href":"https:\/\/www.alpenclub-gerliswil.ch\/wp\/wp-json\/wp\/v2\/media?parent=2582"}],"curies":[{"name":"wp","href":"https:\/\/api.w.org\/{rel}","templated":true}]}}