{"id":2644,"date":"2019-11-06T11:05:36","date_gmt":"2019-11-06T09:05:36","guid":{"rendered":"http:\/\/www.alpenclub-gerliswil.ch\/wp\/?page_id=2644"},"modified":"2019-11-07T10:51:22","modified_gmt":"2019-11-07T08:51:22","slug":"alkohollager-schachen","status":"publish","type":"page","link":"https:\/\/www.alpenclub-gerliswil.ch\/wp\/fotos-berichte\/tourenberichte\/alkohollager-schachen\/","title":{"rendered":"Alkohollager Schachen"},"content":{"rendered":"<p><strong><span style=\"color: #0000ff;\">Wanderung zum Alkohol<\/span><\/strong><\/p>\n<p><span style=\"color: #000000;\">Leitung: Josef Bundi<\/span><\/p>\n<p><span style=\"color: #000000;\">Es ist Samstag, den 26. Oktober 2019.<\/span><\/p>\n<p><span style=\"color: #000000;\">Ein herrlicher Herbsttag, blauer Himmel und angenehme Temperaturen. Eine Gruppe von 14 Personen wandert von Hellb\u00fchl \u00fcber den Emmen Berg zur Besenbeiz Pilatusblick. Nach der Rast und Zwischenverpflegung wandern wir weiter nach Schachen. Auf der gesamten Wanderung, 3 Stunden Wanderzeit, durften wir bei Sonnenschein die vielen bunten Herbstfarben der Natur und die wunderbare Aussicht in die Berge geniessen. In Schachen, im Alkohollager sind wir vom Betriebsleiter Simon H\u00e4fliger begr\u00fcsst worden. Er hat uns bei der Vorstellung und F\u00fchrung die Baugeschichte, die vielen Ver\u00e4nderungen im Alkohollager und die Wichtigkeit des Alkohols im t\u00e4glichen Leben, (ohne Konsumation) n\u00e4hergebracht. Und ich durfte mich in die Vergangenheit, 8 Jahre Betriebsleiter T\u00e4tigkeit, zur\u00fcckversetzen.<\/span><\/p>\n<p><span style=\"color: #000000;\">Zufrieden und mit der Erfahrung, dass Alkohol ein t\u00e4glicher Begleiter in unserem Leben ist (auch ohne Konsumation), sind wir zufrieden nach Emmenbr\u00fccke zur\u00fcckgefahren.<\/span><\/p>\n<p><span style=\"color: #000000;\"><strong><a style=\"color: #000000;\" href=\"https:\/\/photos.app.goo.gl\/JGHCs654xiEzWrnt5\" target=\"_blank\">FOTOS<\/a><\/strong><\/span><\/p>\n<p><span style=\"color: #000000;\">Bericht: Josef Bundi<\/span> <span style=\"color: #000000;\"><br \/>\nFotos: Robi Stocker<\/span><\/p>\n","protected":false},"excerpt":{"rendered":"<p>Wanderung zum Alkohol Leitung: Josef Bundi Es ist Samstag, den 26. Oktober 2019. Ein herrlicher Herbsttag, blauer Himmel und angenehme Temperaturen. Eine Gruppe von 14 Personen wandert von Hellb\u00fchl \u00fcber den Emmen Berg zur Besenbeiz Pilatusblick. Nach der Rast und Zwischenverpflegung wandern wir weiter nach Schachen. Auf der gesamten Wanderung, 3 Stunden Wanderzeit, durften wir [&hellip;]<\/p>\n","protected":false},"author":2,"featured_media":0,"parent":375,"menu_order":0,"comment_status":"closed","ping_status":"closed","template":"","meta":{"footnotes":""},"class_list":["post-2644","page","type-page","status-publish","hentry"],"jetpack_shortlink":"https:\/\/wp.me\/P2UVFM-GE","jetpack_sharing_enabled":true,"_links":{"self":[{"href":"https:\/\/www.alpenclub-gerliswil.ch\/wp\/wp-json\/wp\/v2\/pages\/2644","targetHints":{"allow":["GET"]}}],"collection":[{"href":"https:\/\/www.alpenclub-gerliswil.ch\/wp\/wp-json\/wp\/v2\/pages"}],"about":[{"href":"https:\/\/www.alpenclub-gerliswil.ch\/wp\/wp-json\/wp\/v2\/types\/page"}],"author":[{"embeddable":true,"href":"https:\/\/www.alpenclub-gerliswil.ch\/wp\/wp-json\/wp\/v2\/users\/2"}],"replies":[{"embeddable":true,"href":"https:\/\/www.alpenclub-gerliswil.ch\/wp\/wp-json\/wp\/v2\/comments?post=2644"}],"version-history":[{"count":3,"href":"https:\/\/www.alpenclub-gerliswil.ch\/wp\/wp-json\/wp\/v2\/pages\/2644\/revisions"}],"predecessor-version":[{"id":2654,"href":"https:\/\/www.alpenclub-gerliswil.ch\/wp\/wp-json\/wp\/v2\/pages\/2644\/revisions\/2654"}],"up":[{"embeddable":true,"href":"https:\/\/www.alpenclub-gerliswil.ch\/wp\/wp-json\/wp\/v2\/pages\/375"}],"wp:attachment":[{"href":"https:\/\/www.alpenclub-gerliswil.ch\/wp\/wp-json\/wp\/v2\/media?parent=2644"}],"curies":[{"name":"wp","href":"https:\/\/api.w.org\/{rel}","templated":true}]}}