{"id":3005,"date":"2021-03-13T17:31:24","date_gmt":"2021-03-13T15:31:24","guid":{"rendered":"http:\/\/www.alpenclub-gerliswil.ch\/wp\/?page_id=3005"},"modified":"2021-03-13T17:31:25","modified_gmt":"2021-03-13T15:31:25","slug":"seebodenalp","status":"publish","type":"page","link":"https:\/\/www.alpenclub-gerliswil.ch\/wp\/fotos-berichte\/tourenberichte\/seebodenalp\/","title":{"rendered":"Seebodenalp"},"content":{"rendered":"\n<p><strong><span style=\"color:#0033ff\" class=\"has-inline-color\">Rundwanderung K\u00fcssnacht a.R. &#8211; Seebodenalp, Mittwoch 11.03.2021<\/span><\/strong><\/p>\n\n\n\n<div class=\"wp-block-group\"><div class=\"wp-block-group__inner-container is-layout-flow wp-block-group-is-layout-flow\">\n<p><span style=\"color:#000000\" class=\"has-inline-color\">Tourenleitung: Isabelle Schleiss<\/span><\/p>\n\n\n\n<p><span style=\"color:#000000\" class=\"has-inline-color\">Saisonauftaktwanderung &#8211; wie sch\u00f6n ist das denn und das Wetter spielt mit<\/span> :-)<\/p>\n\n\n\n<p><span style=\"color:#000000\" class=\"has-inline-color\">Mit drei Autos fahren wir direkt nach K\u00fcssnacht, treffen uns bei der Landi und fahren dann gemeinsam zum Ausgangspunkt der Wanderung, dem Schulhaus Dorfhalden. Bei der Er\u00f6ffnungsrede von Isabelle, erfahren wir dann auch, dass sie hier die 1. bis 6. Klasse absolviert hat. Wir sind also mit einer Einheimischen unterwegs.<\/span><\/p>\n\n\n\n<p><span style=\"color:#000000\" class=\"has-inline-color\">Als erstes durchschreiten wir den Schulhaushof. Beim Eingang h\u00e4ngt ein selbstgemachtes Schild &#8222;Gl\u00fcck&#8220;. Ein sch\u00f6ner Auftakt, denn wir alle sind gl\u00fccklich bei sonnigem Wetter und mit tollen Kameraden unterwegs zu sein.<br>Zu Beginn laufen wir etwas auf Asphalt, Richtung Event-Hof Landschi hoch, doch bald werden wir auf Feld- und Wanderwege abbiegen. Schon hier k\u00f6nnen wir die wundersch\u00f6ne Aussicht auf K\u00fcssnacht, den Vierwaldst\u00e4ttersee, das Mittelland und den Pilatus geniessen.<br>Einige bemerken, dass es heute Mittwoch etwas &#8222;Donschtig&#8220; eh dunstig ist! Die klare Sicht kommt schon noch.<br>Wir wandern stetig aufw\u00e4rts in angenehmer Steigung am Hof Ch\u00fcmimattli vorbei, durch den B\u00e4chtelwald und Fluebach, nach Unter Flue und Steigade bis wir nach 1 3\/4 Std. direkt bei der Alp Ruodisegg auf der Seebodenalp ankommen. Ein sch\u00f6ner Weg der kaum einer von uns kannte. An einem gesch\u00fctzten Platz bei der AlpRuodisegg machen wir Mittagsrast und geniessen die w\u00e4rmende Sonne. Frisch gest\u00e4rkt geht es weiter \u00fcber die Seebodenalp bis F\u00e4rbers Egg und \u00fcber einen ebenso wenig bekannten Weg, den Seebodenweg, wieder hinunter Richtung K\u00fcssnacht. Diesmal kommen wir am bekannten Restaurant Alpenhof vorbei, wo wir leider nicht einkehren k\u00f6nnen, da noch geschlossen wegen Corona.<br>Von hier ist es nur noch ein kurzes St\u00fcck abw\u00e4rts und durch ein &#8222;Schlichw\u00e4gli&#8220; kommen wir direkt wieder zum Parkplatz Dorfhalden.<\/span><\/p>\n\n\n\n<p><span style=\"color:#000000\" class=\"has-inline-color\">Eine sehr gelungene Saisonauftaktwanderung, auf unbekannten Wegen an einem bekannten Berg (nicht H\u00fcgel!).<\/span><\/p>\n\n\n\n<p><span style=\"color:#000000\" class=\"has-inline-color\">Danke Isabelle, du hast deine erste Tour souver\u00e4n geleitet. Applaus von uns allen :-)<\/span><\/p>\n\n\n\n<p><span style=\"color:#000000\" class=\"has-inline-color\">Auch einen herzlichen Dank an Martha Waller, die uns alle spontan in ihren Garten (Corona konform) zu einem Kafi und Glas Wein eingeladen hat. Das war noch das T\u00fcpfli auf dem i<\/span>.<\/p>\n\n\n\n<p><span style=\"color:#000000\" class=\"has-inline-color\">Teilnehmer: Martha, Margrit, Regi, Robi, Carmen, Alessia, Vreni, Klaus, Hanny, Evelyne, Isabelle<\/span><\/p>\n\n\n\n<p><span style=\"color:#000000\" class=\"has-inline-color\"><a href=\"https:\/\/photos.app.goo.gl\/RJwwbmjbJnyCeyxR9\" data-type=\"URL\" data-id=\"https:\/\/photos.app.goo.gl\/RJwwbmjbJnyCeyxR9\" target=\"_blank\" rel=\"noreferrer noopener\"><strong>FOTOS<\/strong><\/a><\/span><\/p>\n\n\n\n<p><span style=\"color:#000000\" class=\"has-inline-color\">Bericht: Evelyne Godel<br>Fotos: Teilnehmer<\/span><\/p>\n<\/div><\/div>\n\n\n\n<p><\/p>\n","protected":false},"excerpt":{"rendered":"<p>Rundwanderung K\u00fcssnacht a.R. &#8211; Seebodenalp, Mittwoch 11.03.2021 Tourenleitung: Isabelle Schleiss Saisonauftaktwanderung &#8211; wie sch\u00f6n ist das denn und das Wetter spielt mit :-) Mit drei Autos fahren wir direkt nach K\u00fcssnacht, treffen uns bei der Landi und fahren dann gemeinsam zum Ausgangspunkt der Wanderung, dem Schulhaus Dorfhalden. Bei der Er\u00f6ffnungsrede von Isabelle, erfahren wir dann [&hellip;]<\/p>\n","protected":false},"author":2,"featured_media":0,"parent":375,"menu_order":0,"comment_status":"closed","ping_status":"closed","template":"","meta":{"footnotes":""},"class_list":["post-3005","page","type-page","status-publish","hentry"],"jetpack_shortlink":"https:\/\/wp.me\/P2UVFM-Mt","jetpack_sharing_enabled":true,"_links":{"self":[{"href":"https:\/\/www.alpenclub-gerliswil.ch\/wp\/wp-json\/wp\/v2\/pages\/3005","targetHints":{"allow":["GET"]}}],"collection":[{"href":"https:\/\/www.alpenclub-gerliswil.ch\/wp\/wp-json\/wp\/v2\/pages"}],"about":[{"href":"https:\/\/www.alpenclub-gerliswil.ch\/wp\/wp-json\/wp\/v2\/types\/page"}],"author":[{"embeddable":true,"href":"https:\/\/www.alpenclub-gerliswil.ch\/wp\/wp-json\/wp\/v2\/users\/2"}],"replies":[{"embeddable":true,"href":"https:\/\/www.alpenclub-gerliswil.ch\/wp\/wp-json\/wp\/v2\/comments?post=3005"}],"version-history":[{"count":1,"href":"https:\/\/www.alpenclub-gerliswil.ch\/wp\/wp-json\/wp\/v2\/pages\/3005\/revisions"}],"predecessor-version":[{"id":3006,"href":"https:\/\/www.alpenclub-gerliswil.ch\/wp\/wp-json\/wp\/v2\/pages\/3005\/revisions\/3006"}],"up":[{"embeddable":true,"href":"https:\/\/www.alpenclub-gerliswil.ch\/wp\/wp-json\/wp\/v2\/pages\/375"}],"wp:attachment":[{"href":"https:\/\/www.alpenclub-gerliswil.ch\/wp\/wp-json\/wp\/v2\/media?parent=3005"}],"curies":[{"name":"wp","href":"https:\/\/api.w.org\/{rel}","templated":true}]}}