{"id":3103,"date":"2021-06-20T11:54:04","date_gmt":"2021-06-20T09:54:04","guid":{"rendered":"http:\/\/www.alpenclub-gerliswil.ch\/wp\/?page_id=3103"},"modified":"2021-06-20T11:54:04","modified_gmt":"2021-06-20T09:54:04","slug":"rund-um-seelisberg","status":"publish","type":"page","link":"https:\/\/www.alpenclub-gerliswil.ch\/wp\/fotos-berichte\/tourenberichte\/rund-um-seelisberg\/","title":{"rendered":"Rund um Seelisberg"},"content":{"rendered":"\n<p><strong><em><span style=\"color:#0001a3\" class=\"has-inline-color\">Rund um Seelisberg und auf die Alp Weid<\/span><\/em><\/strong><\/p>\n\n\n\n<p>Sonntag, 13. Juni 2021<\/p>\n\n\n\n<p>Leitung: Regi &amp; Robi Stocker-Fischer<\/p>\n\n\n\n<p>13 Cl\u00fcblerinnen und 4 Cl\u00fcbler trafen sich um acht Uhr beim PP der vonRoll Casting. Ohne Verkehrsprobleme erreichten wir in 40 Minuten Seelisberg, welches knapp 700 Einwohner z\u00e4hlt und auf 800 m \u00fcber Meer liegt.<br>Die Rundwanderung f\u00fchrte uns zuerst durch das Dorf und dann am Oberberg entlang durch Wiesen und W\u00e4lder zum Aussichtspunkt Scheidegg (995 m.\u00fc.M.). Das fast weisse Kreuz im dunkelgr\u00fcnen Wald ist sehr markant und von weit her gut sichtbar. Bei einer wundersch\u00f6nen Aussicht auf das Seelisbergseeli, den Niderbauen und dem Ziel Alpweid, genossen wir die erste Pause. Danach ging es auf der Forsttrasse durch den k\u00fchlen Wald talw\u00e4rts zum Seeli. Beim Punkt 764 (m.\u00fc.M), der tiefsten Stelle unserer Wanderung, zweigt der Weg von der Strasse ab und f\u00fchrte uns \u00fcber Alpweiden zur Talstation der Luftseilbahn Seelisberg \u2013 Alp Weid. Bis auf einen unserer m\u00e4nnlichen Begleiter, wagten alle anderen den sehr steilen Aufstieg zur Alp Weid. Die sehr sportliche Wandergruppe erreichte, wie programmiert kurz vor zw\u00f6lf das sch\u00f6n gelegene Alpbeizli. Die grossartige Aussicht und die liebevoll zubereiteten Essen mit fantasievollen Namen, sind fotographisch sehr gut festgehalten. Chueflade-Ch\u00e4sschnette, Ch\u00fcssischlacht, Mischtstock, Uristier Ch\u00e4s- und Fleischbr\u00e4tli, Urnerpastete, Weidgschl\u00e4ck und feins Husbrot sind von Bernadette Immer, Bruno Bucher und ihrem Team serviert worden. Wir danken dem Alpweid-Team herzlich f\u00fcr die Gastfreundschaft, die feinen Tranksamen und Gerichte. Grossartig! Der Ap\u00e9ro, offeriert von Regi und Robi rundeten den erlebnisreichen und sportlichen Tag ab. Nach 14 Uhr verabschiedeten sich die 7 talw\u00e4rts Wandernden und 10 talw\u00e4rts B\u00e4hnlifahrenden bei den Gastgebern. Gesund hatten alle gegen 15 Uhr den schattigen Autoparkplatz vor dem Dorf Seelisberg erreicht.<\/p>\n\n\n\n<p>Regi und Robi bedanken sich bei der ganzen Wanderschar und bei Bernadette und Bruno f\u00fcr den einmalig sch\u00f6nen Tag.<\/p>\n\n\n\n<p><strong><a href=\"https:\/\/photos.app.goo.gl\/nzxx1LucxPsEcHHC8\" data-type=\"URL\" data-id=\"https:\/\/photos.app.goo.gl\/nzxx1LucxPsEcHHC8\" target=\"_blank\" rel=\"noreferrer noopener\">FOTOS<\/a><\/strong><\/p>\n\n\n\n<p><em>Bericht: Regi &amp; Robi Stocker-Fischer<\/em><br><em>Fotos: Teilnehmer Innen<\/em><\/p>\n","protected":false},"excerpt":{"rendered":"<p>Rund um Seelisberg und auf die Alp Weid Sonntag, 13. Juni 2021 Leitung: Regi &amp; Robi Stocker-Fischer 13 Cl\u00fcblerinnen und 4 Cl\u00fcbler trafen sich um acht Uhr beim PP der vonRoll Casting. Ohne Verkehrsprobleme erreichten wir in 40 Minuten Seelisberg, welches knapp 700 Einwohner z\u00e4hlt und auf 800 m \u00fcber Meer liegt.Die Rundwanderung f\u00fchrte uns [&hellip;]<\/p>\n","protected":false},"author":2,"featured_media":0,"parent":375,"menu_order":0,"comment_status":"closed","ping_status":"closed","template":"","meta":{"footnotes":""},"class_list":["post-3103","page","type-page","status-publish","hentry"],"jetpack_shortlink":"https:\/\/wp.me\/P2UVFM-O3","jetpack_sharing_enabled":true,"_links":{"self":[{"href":"https:\/\/www.alpenclub-gerliswil.ch\/wp\/wp-json\/wp\/v2\/pages\/3103","targetHints":{"allow":["GET"]}}],"collection":[{"href":"https:\/\/www.alpenclub-gerliswil.ch\/wp\/wp-json\/wp\/v2\/pages"}],"about":[{"href":"https:\/\/www.alpenclub-gerliswil.ch\/wp\/wp-json\/wp\/v2\/types\/page"}],"author":[{"embeddable":true,"href":"https:\/\/www.alpenclub-gerliswil.ch\/wp\/wp-json\/wp\/v2\/users\/2"}],"replies":[{"embeddable":true,"href":"https:\/\/www.alpenclub-gerliswil.ch\/wp\/wp-json\/wp\/v2\/comments?post=3103"}],"version-history":[{"count":1,"href":"https:\/\/www.alpenclub-gerliswil.ch\/wp\/wp-json\/wp\/v2\/pages\/3103\/revisions"}],"predecessor-version":[{"id":3104,"href":"https:\/\/www.alpenclub-gerliswil.ch\/wp\/wp-json\/wp\/v2\/pages\/3103\/revisions\/3104"}],"up":[{"embeddable":true,"href":"https:\/\/www.alpenclub-gerliswil.ch\/wp\/wp-json\/wp\/v2\/pages\/375"}],"wp:attachment":[{"href":"https:\/\/www.alpenclub-gerliswil.ch\/wp\/wp-json\/wp\/v2\/media?parent=3103"}],"curies":[{"name":"wp","href":"https:\/\/api.w.org\/{rel}","templated":true}]}}