{"id":3114,"date":"2021-07-09T15:22:26","date_gmt":"2021-07-09T13:22:26","guid":{"rendered":"http:\/\/www.alpenclub-gerliswil.ch\/wp\/?page_id=3114"},"modified":"2021-07-09T15:26:49","modified_gmt":"2021-07-09T13:26:49","slug":"vorstandsausflug","status":"publish","type":"page","link":"https:\/\/www.alpenclub-gerliswil.ch\/wp\/fotos-berichte\/tourenberichte\/vorstandsausflug\/","title":{"rendered":"Vorstandsausflug"},"content":{"rendered":"\n<p><span style=\"color:#000aa3\" class=\"has-inline-color\"><strong>Vorstandsausflug ins Puschlav<\/strong> <strong>vom Freitag 25.6.2021 bis Sonntag 27.6.2021<\/strong><\/span><\/p>\n\n\n\n<p>Organisation: Hanny Th\u00fcrig<\/p>\n\n\n\n<p>Warum gab es diesen Vorstandsausflug? Weil Hanny und Linda aus dem Vorstand ausgetreten sind, haben sie f\u00fcr uns diesen \u00dcberraschungsausflug organisiert.<br>An dieser Stelle ein GANZ GROSSES DANKESCH\u00f6N den beiden f\u00fcr ihre langj\u00e4hrige Arbeit f\u00fcr den Alpenclub Gerliswil. APPLAUS :-)<\/p>\n\n\n\n<p><strong>Freitag 25.6.2021<\/strong><\/p>\n\n\n\n<p>Wie gesagt, es war ein \u00dcberraschungsausflug und das Geheimnis, wohin es geht, wird erst am Morgen fr\u00fch im Zug gel\u00fcftet &#8211; ins Puschlav<br>Wir reisen mit dem Zug von Emmenbr\u00fccke nach Luzern und weiter nach Z\u00fcrich und Chur. Auf dem n\u00e4chsten Abschnitt nach Samedan die zweite \u00dcberraschung &#8211; Sp\u00e4ckzopf von Hanny und Wisse von Linda und Christian. Freude :-). F\u00fcr das letzte Teilst\u00fcck steigen wir ins Postauto um und fahren \u00fcber den Berninapass bis nach Sfazu. Hier geht die 5-st\u00fcndige Reise zu Ende. Nach einem gem\u00fctlichen Mittagessen, starten wir die Wanderung ins Val da Camp. Was f\u00fcr ein wundersch\u00f6nes Tal &#8211; viele kleine Fl\u00fcsschen, bunte Alpenwiesen, prachtvolle Blumen, herrlicher Wald und dann der Lagh Saoseo. Einfach WOW!<br>Der Hammer von einem Bergsee\u2026.. das kann man nicht beschreiben, man muss ihn sehen!<br>Wir h\u00e4tten noch viel l\u00e4nger bleiben k\u00f6nnen, aber der nahende Donner und die schwarzen Wolken mahnten zum Aufbruch. Das kurze St\u00fcck zur Alp Camp, schafften alle trockenen Fusses, ja sogar das Ap\u00e8ro konnten wir draussen nehmen. Hier auf der sch\u00f6nen Alp Camp bleiben wir zwei N\u00e4chte und das Gute &#8211; wir haben die Unterkunft und das heimelige Gasthaus f\u00fcr uns alleine &#8211; so kuul :-)<\/p>\n\n\n\n<p><strong>Samstag 26.6.2021<\/strong><\/p>\n\n\n\n<p>Guten Morgen Val da Camp &#8211; ein herrlicher Tag k\u00fcndet sich an.<br>Nach einem gem\u00fctlichen Morgenessen freuen wir uns auf die heutige Wanderung. Die Sentiero Val da Camp f\u00fchrt uns in einem Rundweg zum Lagh da Val Viola und Lagh Saoseo. Die meisten machen noch einen Abstecher auf den Pass da Val Viola, der auch die Grenze zu Italien ist. Eine wundersch\u00f6ne Wanderung zum Geniessen, aber auch gespickt mit einigen anspruchsvolleren Passagen und herrlicher Aussicht.<br>\u00dcber diese Wanderung &#8211; der Puschlaver Klassiker f\u00fchrt in das Val da Camp, welches ins Bundesinventar der Landschafts- und Kulturdenkm\u00e4ler von nationaler Bedeutung aufgenommen wurde. Weiden, Hochebenen und Seen pr\u00e4gen die Wanderung.<br>Den sp\u00e4teren Nachmittag geniessen wir auf der gem\u00fctlichen Terrasse und freuen uns, dass wir nochmals hier bleiben k\u00f6nnen und ein weiteres feines Znacht geniessen d\u00fcrfen.<br>Nach dem Essen erkunden wir noch etwas die Alp mit all den Tieren oder versuchen in den nahen Bergen Wild zu entdecken oder lassen und von unseren Gastgebern die Umgebung erkl\u00e4ren. So vergeht der Abend so schnell und es heisst bald &#8211; Buona Notte<\/p>\n\n\n\n<p><strong>Sonntag 27.6.2021<\/strong><\/p>\n\n\n\n<p>Heute verlassen wir das Val da Camp mit ein 2-st\u00fcndigen Wanderung nach Pozzulasc an der Berninastrasse. Von hier aus fahren wir mit dem Postauto nach Poschiavo.<br>Nach dem Mittagessen, einer feinen Gelati und individueller Ortsbesichtigung freuen wir uns sehr, dass Hanny uns eine Fahrt mit dem Bernina Express gebucht hat. Wir haben Gl\u00fcck, einen ganzen Panoramawagen f\u00fcr uns alleine zu haben. So geniessen wir die Fahrt von Poschiavo \u00fcber den Berninapass, durch das Albulatal, Berg\u00fcn, Fillisur nach Chur sehr.<br>Die weitere Heimreise vergeht wie im Flug. In Zug\/Luzern\/Emmenbr\u00fccke verabschieden wir uns voneinander und alle wollen schnell nach Hause. Nicht nur weil es bereits 21 Uhr ist, sondern vor allem, um dem bevorstehenden Gewitter und Regen zu entkommen.<br>Ich hoffe, es hat f\u00fcr alle gereicht :-)<\/p>\n\n\n\n<p>Danke Hanny f\u00fcr die tolle Organisation. Wir durften drei wundersch\u00f6ne Tage erleben, in einem Gebiet das du so sehr liebst und die meisten von uns noch nicht kannten. Du hast den Funken auf uns \u00fcberspringen lassen, denn auch wir sind begeistert und werden dem Puschlav sicher wieder einen Besuch abstatten.<br><br><a href=\"https:\/\/photos.app.goo.gl\/YorXyUCBgFLpJ9KA8\" data-type=\"URL\" data-id=\"https:\/\/photos.app.goo.gl\/YorXyUCBgFLpJ9KA8\" target=\"_blank\" rel=\"noreferrer noopener\"><strong>FOTOS<\/strong><\/a><\/p>\n\n\n\n<p>Bericht: Evelyne Godel<br>Fotos: Alle<\/p>\n","protected":false},"excerpt":{"rendered":"<p>Vorstandsausflug ins Puschlav vom Freitag 25.6.2021 bis Sonntag 27.6.2021 Organisation: Hanny Th\u00fcrig Warum gab es diesen Vorstandsausflug? Weil Hanny und Linda aus dem Vorstand ausgetreten sind, haben sie f\u00fcr uns diesen \u00dcberraschungsausflug organisiert.An dieser Stelle ein GANZ GROSSES DANKESCH\u00f6N den beiden f\u00fcr ihre langj\u00e4hrige Arbeit f\u00fcr den Alpenclub Gerliswil. APPLAUS :-) Freitag 25.6.2021 Wie gesagt, [&hellip;]<\/p>\n","protected":false},"author":2,"featured_media":0,"parent":375,"menu_order":0,"comment_status":"closed","ping_status":"closed","template":"","meta":{"footnotes":""},"class_list":["post-3114","page","type-page","status-publish","hentry"],"jetpack_shortlink":"https:\/\/wp.me\/P2UVFM-Oe","jetpack_sharing_enabled":true,"_links":{"self":[{"href":"https:\/\/www.alpenclub-gerliswil.ch\/wp\/wp-json\/wp\/v2\/pages\/3114","targetHints":{"allow":["GET"]}}],"collection":[{"href":"https:\/\/www.alpenclub-gerliswil.ch\/wp\/wp-json\/wp\/v2\/pages"}],"about":[{"href":"https:\/\/www.alpenclub-gerliswil.ch\/wp\/wp-json\/wp\/v2\/types\/page"}],"author":[{"embeddable":true,"href":"https:\/\/www.alpenclub-gerliswil.ch\/wp\/wp-json\/wp\/v2\/users\/2"}],"replies":[{"embeddable":true,"href":"https:\/\/www.alpenclub-gerliswil.ch\/wp\/wp-json\/wp\/v2\/comments?post=3114"}],"version-history":[{"count":2,"href":"https:\/\/www.alpenclub-gerliswil.ch\/wp\/wp-json\/wp\/v2\/pages\/3114\/revisions"}],"predecessor-version":[{"id":3117,"href":"https:\/\/www.alpenclub-gerliswil.ch\/wp\/wp-json\/wp\/v2\/pages\/3114\/revisions\/3117"}],"up":[{"embeddable":true,"href":"https:\/\/www.alpenclub-gerliswil.ch\/wp\/wp-json\/wp\/v2\/pages\/375"}],"wp:attachment":[{"href":"https:\/\/www.alpenclub-gerliswil.ch\/wp\/wp-json\/wp\/v2\/media?parent=3114"}],"curies":[{"name":"wp","href":"https:\/\/api.w.org\/{rel}","templated":true}]}}