{"id":3175,"date":"2021-10-10T15:27:40","date_gmt":"2021-10-10T13:27:40","guid":{"rendered":"http:\/\/www.alpenclub-gerliswil.ch\/wp\/?page_id=3175"},"modified":"2021-10-10T15:31:10","modified_gmt":"2021-10-10T13:31:10","slug":"kinderklettertag-2021","status":"publish","type":"page","link":"https:\/\/www.alpenclub-gerliswil.ch\/wp\/fotos-berichte\/tourenberichte\/kinderklettertag-2021\/","title":{"rendered":"Kinderklettertag 2021"},"content":{"rendered":"\n<p>Tourenbericht<\/p>\n\n\n\n<p><strong><span style=\"color:#034bf2\" class=\"has-inline-color\">Kinderklettertag Isleten Bauen am Sonntag, 5. September 2021<\/span><\/strong><\/p>\n\n\n\n<p>Leitung: Beat Hoitinga<\/p>\n\n\n\n<p>Teilnehmer: Franziska Hertach mit Soraia (G\u00e4ste), Brigitta Dolf Hoitinga (Bericht &amp; Fotos) mit Aline<\/p>\n\n\n\n<p>Das Wetter spielte in diesem Jahr mit und wir konnten an den wundersch\u00f6nen Platz am Vierwaldst\u00e4ttersee an den Felsen fahren. Leider gab es neben Aline wieder keine Teilnehmer aus der ACG Familie. Darum wird Beat diesen Anlass im n\u00e4chsten Jahr nicht mehr anbieten.<br>Soraia und Aline hatten ihren Spass beim Klettern sowie beim anschliessenden Bad im See. Die Erwachsenen ebenso. Wir alle genossen den warmen Tag und speicherten die Sonne. F\u00fcr das Bad im See brauchte es schon etwas \u00dcberwindung, aber es tat gut. Die Klettereinlagen der beiden M\u00e4dchen liessen sich sehen und sie hoffen ihre Kletterk\u00fcnste weiter anwenden zu k\u00f6nnen.<\/p>\n\n\n\n<p>Nach dem feinen Glac\u00e9 am See fuhren wir zufrieden nach Hause. Daf\u00fcr brauchten wir allerdings etwas Geduld.<\/p>\n\n\n\n<p><strong><a href=\"https:\/\/photos.app.goo.gl\/ziAnbQt5yqbjRtdz9\" data-type=\"URL\" data-id=\"https:\/\/photos.app.goo.gl\/ziAnbQt5yqbjRtdz9\" target=\"_blank\" rel=\"noreferrer noopener\">FOTOS<\/a><\/strong><\/p>\n","protected":false},"excerpt":{"rendered":"<p>Tourenbericht Kinderklettertag Isleten Bauen am Sonntag, 5. September 2021 Leitung: Beat Hoitinga Teilnehmer: Franziska Hertach mit Soraia (G\u00e4ste), Brigitta Dolf Hoitinga (Bericht &amp; Fotos) mit Aline Das Wetter spielte in diesem Jahr mit und wir konnten an den wundersch\u00f6nen Platz am Vierwaldst\u00e4ttersee an den Felsen fahren. Leider gab es neben Aline wieder keine Teilnehmer aus [&hellip;]<\/p>\n","protected":false},"author":2,"featured_media":0,"parent":375,"menu_order":0,"comment_status":"closed","ping_status":"closed","template":"","meta":{"footnotes":""},"class_list":["post-3175","page","type-page","status-publish","hentry"],"jetpack_shortlink":"https:\/\/wp.me\/P2UVFM-Pd","jetpack_sharing_enabled":true,"_links":{"self":[{"href":"https:\/\/www.alpenclub-gerliswil.ch\/wp\/wp-json\/wp\/v2\/pages\/3175","targetHints":{"allow":["GET"]}}],"collection":[{"href":"https:\/\/www.alpenclub-gerliswil.ch\/wp\/wp-json\/wp\/v2\/pages"}],"about":[{"href":"https:\/\/www.alpenclub-gerliswil.ch\/wp\/wp-json\/wp\/v2\/types\/page"}],"author":[{"embeddable":true,"href":"https:\/\/www.alpenclub-gerliswil.ch\/wp\/wp-json\/wp\/v2\/users\/2"}],"replies":[{"embeddable":true,"href":"https:\/\/www.alpenclub-gerliswil.ch\/wp\/wp-json\/wp\/v2\/comments?post=3175"}],"version-history":[{"count":1,"href":"https:\/\/www.alpenclub-gerliswil.ch\/wp\/wp-json\/wp\/v2\/pages\/3175\/revisions"}],"predecessor-version":[{"id":3179,"href":"https:\/\/www.alpenclub-gerliswil.ch\/wp\/wp-json\/wp\/v2\/pages\/3175\/revisions\/3179"}],"up":[{"embeddable":true,"href":"https:\/\/www.alpenclub-gerliswil.ch\/wp\/wp-json\/wp\/v2\/pages\/375"}],"wp:attachment":[{"href":"https:\/\/www.alpenclub-gerliswil.ch\/wp\/wp-json\/wp\/v2\/media?parent=3175"}],"curies":[{"name":"wp","href":"https:\/\/api.w.org\/{rel}","templated":true}]}}