{"id":3245,"date":"2021-11-06T15:30:57","date_gmt":"2021-11-06T13:30:57","guid":{"rendered":"http:\/\/www.alpenclub-gerliswil.ch\/wp\/?page_id=3245"},"modified":"2021-11-06T15:31:19","modified_gmt":"2021-11-06T13:31:19","slug":"jurahoehenweg","status":"publish","type":"page","link":"https:\/\/www.alpenclub-gerliswil.ch\/wp\/fotos-berichte\/tourenberichte\/jurahoehenweg\/","title":{"rendered":"Jurah\u00f6henweg"},"content":{"rendered":"\n<div class=\"wp-block-group\"><div class=\"wp-block-group__inner-container is-layout-flow wp-block-group-is-layout-flow\">\n<p><strong><span style=\"color:#0a31f5\" class=\"has-inline-color\">Wanderung Jurah\u00f6henweg &#8211; Weissenstein-Grenchenberg <\/span><\/strong><\/p>\n\n\n\n<p><strong>Samstag, 25. September 2021 <\/strong><\/p>\n\n\n\n<p>Leitung: Martha Waller<\/p>\n\n\n\n<p>Wir reisten bequem mit dem \u00d6V in den Kanton Solothurn. Bei Oberdorf wanderten wir die erste Kurzstrecke bis zur Gondelbahn, die uns auf den Weissenstein auf 1284 m \u00fc. M. brachte. Bevor es richtig losging, kehrten wir im Restaurant Sennhaus ein. Da die Sonne die K\u00fchle des Morgens vertrieb, konnten wir draussen einen Kaffee und (Nuss-) Gipfel geniessen. Das Angebot eines Gastes zu einem Jassturnier mussten wir ausschlagen, denn wir hatten ein Freiluft-Programm vor uns! Voller Vorfreude starteten wir eine halbe Stunde sp\u00e4ter. \u00dcber Buchen- und Tannenw\u00e4lder ging es bergab und bergauf. Die Genusstour auf der h\u00f6chsten Jurabergkette bietet bei klarem Wetter eine grandiose Fernsicht vom S\u00e4ntis bis zum Mont Blanc. Die Sicht war an diesem Samstag leider etwas dunstig, doch trotzdem genossen wir die Aussicht, die sich uns immer wieder bot.<br>Die Hasenmatt ist mit 1&#8217;444 m der h\u00f6chste Punkt im Kanton Solothurn und bietet eine fantastische Rundsicht auf den Bieler-, Neuenburger- und Murtensee. Die Aare m\u00e4andert sich durch die Ebene und das Alpenpanorama lag an diesem Samstag in sanftem Nebel. Es war der ideale Ort f\u00fcr die Mittagsrast. Sp\u00e4ter marschierten wir gest\u00e4rkt weiter, hinunter nach M\u00fcrensattel (1318 m) und wieder hinauf nach Stallfluh (1409 m), wo sich das Gipfelkreuz zu einem Gruppenfoto anbot, das ein aufmerksamer Wanderer von uns schoss. Ein langer Gratweg \u00fcber die K\u00fcferegg f\u00fchrte uns weiter durch eine weite, saftige Weide. K\u00fche be\u00e4ugten uns neugierig. &nbsp;Auf dieser Route besteht ein Planetenweg \u2013 hin und wieder lasen wir auf einer Tafel Erstaunliches \u00fcber die Planeten in unserem Sonnensystem. Von Obergrenchenberg schliesslich folgten wir dem Weg \u00fcber Weideland hinab nach Untergrenchenberg. Toll, wir hatten genug Zeit, um im sch\u00f6nen Berggasthof Untergrenchenberg einzukehren und die sensationellen Zwetschgenkuchen und Cremeschnitten zu geniessen. Der Ausflug klang mit der Heimfahrt mit unserem sensationell funktionierenden \u00d6V aus. Danke Martha Waller f\u00fcr die gute Organisation dieser sch\u00f6nen Wanderung!<\/p>\n\n\n\n<p><em>Bericht und Foto: Yvonne Tresch<\/em><\/p>\n\n\n\n<p><img data-recalc-dims=\"1\" loading=\"lazy\" decoding=\"async\" width=\"600\" height=\"450\" class=\"wp-image-3246\" style=\"width: 600px;\" src=\"https:\/\/i0.wp.com\/www.alpenclub-gerliswil.ch\/wp\/wp-content\/uploads\/2021\/11\/Foto-Stallfluh.jpg?resize=600%2C450&#038;ssl=1\" alt=\"\" srcset=\"https:\/\/i0.wp.com\/www.alpenclub-gerliswil.ch\/wp\/wp-content\/uploads\/2021\/11\/Foto-Stallfluh.jpg?w=2048&amp;ssl=1 2048w, https:\/\/i0.wp.com\/www.alpenclub-gerliswil.ch\/wp\/wp-content\/uploads\/2021\/11\/Foto-Stallfluh.jpg?resize=300%2C225&amp;ssl=1 300w, https:\/\/i0.wp.com\/www.alpenclub-gerliswil.ch\/wp\/wp-content\/uploads\/2021\/11\/Foto-Stallfluh.jpg?resize=1024%2C768&amp;ssl=1 1024w, https:\/\/i0.wp.com\/www.alpenclub-gerliswil.ch\/wp\/wp-content\/uploads\/2021\/11\/Foto-Stallfluh.jpg?resize=768%2C576&amp;ssl=1 768w, https:\/\/i0.wp.com\/www.alpenclub-gerliswil.ch\/wp\/wp-content\/uploads\/2021\/11\/Foto-Stallfluh.jpg?resize=1536%2C1152&amp;ssl=1 1536w, https:\/\/i0.wp.com\/www.alpenclub-gerliswil.ch\/wp\/wp-content\/uploads\/2021\/11\/Foto-Stallfluh.jpg?resize=624%2C468&amp;ssl=1 624w, https:\/\/i0.wp.com\/www.alpenclub-gerliswil.ch\/wp\/wp-content\/uploads\/2021\/11\/Foto-Stallfluh.jpg?w=1250&amp;ssl=1 1250w, https:\/\/i0.wp.com\/www.alpenclub-gerliswil.ch\/wp\/wp-content\/uploads\/2021\/11\/Foto-Stallfluh.jpg?w=1875&amp;ssl=1 1875w\" sizes=\"auto, (max-width: 600px) 100vw, 600px\" \/><\/p>\n\n\n\n<p><\/p>\n<\/div><\/div>\n","protected":false},"excerpt":{"rendered":"<p>Wanderung Jurah\u00f6henweg &#8211; Weissenstein-Grenchenberg Samstag, 25. September 2021 Leitung: Martha Waller Wir reisten bequem mit dem \u00d6V in den Kanton Solothurn. Bei Oberdorf wanderten wir die erste Kurzstrecke bis zur Gondelbahn, die uns auf den Weissenstein auf 1284 m \u00fc. M. brachte. Bevor es richtig losging, kehrten wir im Restaurant Sennhaus ein. Da die Sonne [&hellip;]<\/p>\n","protected":false},"author":2,"featured_media":0,"parent":375,"menu_order":0,"comment_status":"closed","ping_status":"closed","template":"","meta":{"footnotes":""},"class_list":["post-3245","page","type-page","status-publish","hentry"],"jetpack_shortlink":"https:\/\/wp.me\/P2UVFM-Ql","jetpack_sharing_enabled":true,"_links":{"self":[{"href":"https:\/\/www.alpenclub-gerliswil.ch\/wp\/wp-json\/wp\/v2\/pages\/3245","targetHints":{"allow":["GET"]}}],"collection":[{"href":"https:\/\/www.alpenclub-gerliswil.ch\/wp\/wp-json\/wp\/v2\/pages"}],"about":[{"href":"https:\/\/www.alpenclub-gerliswil.ch\/wp\/wp-json\/wp\/v2\/types\/page"}],"author":[{"embeddable":true,"href":"https:\/\/www.alpenclub-gerliswil.ch\/wp\/wp-json\/wp\/v2\/users\/2"}],"replies":[{"embeddable":true,"href":"https:\/\/www.alpenclub-gerliswil.ch\/wp\/wp-json\/wp\/v2\/comments?post=3245"}],"version-history":[{"count":2,"href":"https:\/\/www.alpenclub-gerliswil.ch\/wp\/wp-json\/wp\/v2\/pages\/3245\/revisions"}],"predecessor-version":[{"id":3248,"href":"https:\/\/www.alpenclub-gerliswil.ch\/wp\/wp-json\/wp\/v2\/pages\/3245\/revisions\/3248"}],"up":[{"embeddable":true,"href":"https:\/\/www.alpenclub-gerliswil.ch\/wp\/wp-json\/wp\/v2\/pages\/375"}],"wp:attachment":[{"href":"https:\/\/www.alpenclub-gerliswil.ch\/wp\/wp-json\/wp\/v2\/media?parent=3245"}],"curies":[{"name":"wp","href":"https:\/\/api.w.org\/{rel}","templated":true}]}}