{"id":3395,"date":"2022-05-26T13:26:57","date_gmt":"2022-05-26T11:26:57","guid":{"rendered":"http:\/\/www.alpenclub-gerliswil.ch\/wp\/?page_id=3395"},"modified":"2022-05-26T13:30:17","modified_gmt":"2022-05-26T11:30:17","slug":"rothenturm-altmatt","status":"publish","type":"page","link":"https:\/\/www.alpenclub-gerliswil.ch\/wp\/fotos-berichte\/tourenberichte\/rothenturm-altmatt\/","title":{"rendered":"Hochmoor Rothenthurm\u00a0"},"content":{"rendered":"\n<p><\/p>\n\n\n\n<p><strong>Vom Hochmoor Rothenthurm (Altmatt) nach Unter\u00e4geri<\/strong><br><strong><strong>Samstag, 14. Mai 2022<\/strong>&nbsp;&nbsp;&nbsp;&nbsp;&nbsp;&nbsp;&nbsp;&nbsp;&nbsp;&nbsp;&nbsp;&nbsp;&nbsp;&nbsp;&nbsp; <\/strong><\/p>\n\n\n\n<p>Leitung: Martha Waller<\/p>\n\n\n\n<p>Mit Bahn und Bus gelangen 16 wanderfreudige Cl\u00fcblerinnen und Cl\u00fcbler nach Rothenturm Altmatt. Der Wanderweg f\u00fchrt direkt \u00fcber das pr\u00e4chtige Hochmoor, das 1987 schweizweit bekannt wurde, als die Armee das Gebiet als Waffenplatz nutzen wollte und der Naturschutz das Projekt verhindern konnte. Nach dem Bibersteg steigt der Weg bergan zum Sch\u00f6nenboden, dann geht&#8217;s im Wald zur stillen Oase St. Jost hinauf. Auf dem Fahrweg wandern wir zum Ratenpass. Wir bleiben auf dem Aegeritaler Panoramaweg Richtung Abschw\u00e4ndi. Dort geht&#8217;s nochmals ein kurzes St\u00fcck steil bergauf, bevor der angenehm flache Weg \u00fcber die Muetegg f\u00fchrt. In der Wanderh\u00fctte &#8222;Gr\u00fcmel&#8220; lohnt es sich einen Rast zu machen. Ueber Hof Hintertann &#8211; Hinter Schneit &#8211; Hinterwinden gelangen wir nach Unter\u00e4geri.<\/p>\n\n\n\n<p>Teilnehmer: Beatrice u. Sep Bund, Margrit Bachmann, Hanny Th\u00fcrig, Klaus Lang, Walter Arnold, Margrit Lang, Anita u. Robi Mainetti, Brigitte u. Erich Bl\u00e4ttler, Denise Berger, Susanne B\u00e4rtschi, Valeria u. Peter H\u00e4fliger<\/p>\n\n\n\n<p>Bericht: Martha Waller<\/p>\n","protected":false},"excerpt":{"rendered":"<p>Vom Hochmoor Rothenthurm (Altmatt) nach Unter\u00e4geriSamstag, 14. Mai 2022&nbsp;&nbsp;&nbsp;&nbsp;&nbsp;&nbsp;&nbsp;&nbsp;&nbsp;&nbsp;&nbsp;&nbsp;&nbsp;&nbsp;&nbsp; Leitung: Martha Waller Mit Bahn und Bus gelangen 16 wanderfreudige Cl\u00fcblerinnen und Cl\u00fcbler nach Rothenturm Altmatt. Der Wanderweg f\u00fchrt direkt \u00fcber das pr\u00e4chtige Hochmoor, das 1987 schweizweit bekannt wurde, als die Armee das Gebiet als Waffenplatz nutzen wollte und der Naturschutz das Projekt verhindern konnte. Nach [&hellip;]<\/p>\n","protected":false},"author":2,"featured_media":0,"parent":375,"menu_order":0,"comment_status":"closed","ping_status":"closed","template":"","meta":{"footnotes":""},"class_list":["post-3395","page","type-page","status-publish","hentry"],"jetpack_shortlink":"https:\/\/wp.me\/P2UVFM-SL","jetpack_sharing_enabled":true,"_links":{"self":[{"href":"https:\/\/www.alpenclub-gerliswil.ch\/wp\/wp-json\/wp\/v2\/pages\/3395","targetHints":{"allow":["GET"]}}],"collection":[{"href":"https:\/\/www.alpenclub-gerliswil.ch\/wp\/wp-json\/wp\/v2\/pages"}],"about":[{"href":"https:\/\/www.alpenclub-gerliswil.ch\/wp\/wp-json\/wp\/v2\/types\/page"}],"author":[{"embeddable":true,"href":"https:\/\/www.alpenclub-gerliswil.ch\/wp\/wp-json\/wp\/v2\/users\/2"}],"replies":[{"embeddable":true,"href":"https:\/\/www.alpenclub-gerliswil.ch\/wp\/wp-json\/wp\/v2\/comments?post=3395"}],"version-history":[{"count":2,"href":"https:\/\/www.alpenclub-gerliswil.ch\/wp\/wp-json\/wp\/v2\/pages\/3395\/revisions"}],"predecessor-version":[{"id":3399,"href":"https:\/\/www.alpenclub-gerliswil.ch\/wp\/wp-json\/wp\/v2\/pages\/3395\/revisions\/3399"}],"up":[{"embeddable":true,"href":"https:\/\/www.alpenclub-gerliswil.ch\/wp\/wp-json\/wp\/v2\/pages\/375"}],"wp:attachment":[{"href":"https:\/\/www.alpenclub-gerliswil.ch\/wp\/wp-json\/wp\/v2\/media?parent=3395"}],"curies":[{"name":"wp","href":"https:\/\/api.w.org\/{rel}","templated":true}]}}