{"id":3446,"date":"2022-07-22T15:22:39","date_gmt":"2022-07-22T13:22:39","guid":{"rendered":"http:\/\/www.alpenclub-gerliswil.ch\/wp\/?page_id=3446"},"modified":"2022-07-22T15:22:39","modified_gmt":"2022-07-22T13:22:39","slug":"klettersteig-pinut-flims","status":"publish","type":"page","link":"https:\/\/www.alpenclub-gerliswil.ch\/wp\/fotos-berichte\/tourenberichte\/klettersteig-pinut-flims\/","title":{"rendered":"<strong>Klettersteig Pinut Flims<\/strong>"},"content":{"rendered":"\n<p>Sonntag, 3. Juli 2022<\/p>\n\n\n\n<p>Nach einer sehr fr\u00fchen Tagwache stand Walti Arnold um kurz vor F\u00fcnf vor unserer Haust\u00fcre und um 05.15 Uhr sind wir mit Yolandas Elektroflitzer Richtung B\u00fcndnerland losgefahren. Nach einer gem\u00fctlichen Fr\u00fchst\u00fcckspause im Heidiland, sind wir um 07.30 Uhr in Fidaz angekommen, wo Vreni Brunner schon auf uns wartete. Nach einem halbst\u00fcndigen Aufstieg sind wir am Einstieg des Klettersteiges Pinut angekommen. Voll ausger\u00fcstet haben wir die erste Felsstufe und auch die sch\u00f6nste nach kurzer Zeit \u00fcberwunden. Auf einem sch\u00f6nen B\u00e4nkli haben wir eine gem\u00fctliche Rast gemacht. Die erste Zwischenstufe lag praktisch die ganze Zeit im Schatten und hatte eine spektakul\u00e4re H\u00e4ngebr\u00fccke in der Mitte. Die zweite Felsstufe war eine kurze und ist rasch \u00fcberwunden worden. Auch nach dieser haben wir eine weitere gem\u00fctliche Rast gemacht. Jetzt galt es die letzten ca. 300 H\u00f6henmeter zu bezwingen. Das letzte Zwischenst\u00fcck war deutlich sonniger und auch l\u00e4nger. Die letzte Felspartie bestand noch aus drei Leitern und einem in das steile Gel\u00e4nde angelegten Weg. Um ca. 11.30 Uhr sind wir oben angekommen und machten die verdiente Mittagsrast. Nach und nach kamen immer mehr, mehrheitlich junge und gut ausger\u00fcstete Bergg\u00e4nger den Klettersteig hoch. Nach der Mittagsrast mussten wir noch ca. 100 H\u00f6henmeter auf die Alp Cassons \u00fcberwinden und anschliessend den steilen Felsweg Scala Mola (Molatreppe) nach Bargis runter laufen. Im Restaurant Bargis haben wir uns belohnt. Mit dem 14.30 Uhr Shuttle-Bus sind wir zur\u00fcck nach Fidaz gefahren. Wir verabschiedeten uns von Vreni und fuhren gem\u00fctlich zur\u00fcck in die Innerschweiz. Besten Dank an euch Klettersteigfans. Es kommt ja bald der n\u00e4chste.<\/p>\n\n\n\n<p>Teilnehmer: Yolanda, Vreni, Carmen H., Walti A., Beat<\/p>\n\n\n\n<p>Bericht: Beat Hoitinga<\/p>\n","protected":false},"excerpt":{"rendered":"<p>Sonntag, 3. Juli 2022 Nach einer sehr fr\u00fchen Tagwache stand Walti Arnold um kurz vor F\u00fcnf vor unserer Haust\u00fcre und um 05.15 Uhr sind wir mit Yolandas Elektroflitzer Richtung B\u00fcndnerland losgefahren. Nach einer gem\u00fctlichen Fr\u00fchst\u00fcckspause im Heidiland, sind wir um 07.30 Uhr in Fidaz angekommen, wo Vreni Brunner schon auf uns wartete. Nach einem halbst\u00fcndigen [&hellip;]<\/p>\n","protected":false},"author":2,"featured_media":0,"parent":375,"menu_order":0,"comment_status":"closed","ping_status":"closed","template":"","meta":{"footnotes":""},"class_list":["post-3446","page","type-page","status-publish","hentry"],"jetpack_shortlink":"https:\/\/wp.me\/P2UVFM-TA","jetpack_sharing_enabled":true,"_links":{"self":[{"href":"https:\/\/www.alpenclub-gerliswil.ch\/wp\/wp-json\/wp\/v2\/pages\/3446","targetHints":{"allow":["GET"]}}],"collection":[{"href":"https:\/\/www.alpenclub-gerliswil.ch\/wp\/wp-json\/wp\/v2\/pages"}],"about":[{"href":"https:\/\/www.alpenclub-gerliswil.ch\/wp\/wp-json\/wp\/v2\/types\/page"}],"author":[{"embeddable":true,"href":"https:\/\/www.alpenclub-gerliswil.ch\/wp\/wp-json\/wp\/v2\/users\/2"}],"replies":[{"embeddable":true,"href":"https:\/\/www.alpenclub-gerliswil.ch\/wp\/wp-json\/wp\/v2\/comments?post=3446"}],"version-history":[{"count":1,"href":"https:\/\/www.alpenclub-gerliswil.ch\/wp\/wp-json\/wp\/v2\/pages\/3446\/revisions"}],"predecessor-version":[{"id":3447,"href":"https:\/\/www.alpenclub-gerliswil.ch\/wp\/wp-json\/wp\/v2\/pages\/3446\/revisions\/3447"}],"up":[{"embeddable":true,"href":"https:\/\/www.alpenclub-gerliswil.ch\/wp\/wp-json\/wp\/v2\/pages\/375"}],"wp:attachment":[{"href":"https:\/\/www.alpenclub-gerliswil.ch\/wp\/wp-json\/wp\/v2\/media?parent=3446"}],"curies":[{"name":"wp","href":"https:\/\/api.w.org\/{rel}","templated":true}]}}