{"id":3467,"date":"2022-08-08T15:19:46","date_gmt":"2022-08-08T13:19:46","guid":{"rendered":"http:\/\/www.alpenclub-gerliswil.ch\/wp\/?page_id=3467"},"modified":"2022-08-08T15:19:46","modified_gmt":"2022-08-08T13:19:46","slug":"nepali-highway","status":"publish","type":"page","link":"https:\/\/www.alpenclub-gerliswil.ch\/wp\/fotos-berichte\/tourenberichte\/nepali-highway\/","title":{"rendered":"Nepali Highway"},"content":{"rendered":"\n<p><strong>Bergwanderung Nepali Highway, Samstag 06. August 2022<\/strong><\/p>\n\n\n\n<p>Tourenleitung: Isabelle Schleiss \/ Evelyne Godel<\/p>\n\n\n\n<p>Klein aber fein ist die Gruppe, die sich an diesem Samstag auf den &#8222;Nepali Highway&#8220; wagt.<br>Die Sonne strahlt mit uns um die Wette, als wir beim Furkablick starten. Schon bald jedoch k\u00e4mpft sie mit Nebelfetzen und Wolken, was aber unserer guten Stimmung nichts anhaben kann. Angenehm steigend ist der Weg zur Sidelenh\u00fctte auf 2708m. Das erste Ziel erreichen wir in 1 1\/4 Stunden. Es ist schon etwas schade, das kurz vor unserer Ankunft der Nebelvorhang zu geht und wir die imposanten Bielenh\u00f6rner und das Sidelenhorn nicht in Natura sehen k\u00f6nnen. Von hier aus startet der eigentliche &#8222;Nepali Highway&#8220; &#8211; \u00fcber Stock und Stein, schmalen Pfaden und groben Steinbl\u00f6cken geht es um das Chli Bielenhorn zum Sattel mit einem herrlichem Blick auf den Tiefengletscher und den Galenstock. Mittagshalt und staunen! Sonne, Wolken, Sonne, Wolken\u2026. nach 2 Stunden. erreichen wir das zweite Ziel, die Albert-Heim-H\u00fctte. Hier haben wir Gl\u00fcck, denn es ist die Zeit der Sonne. Wir geniessen es auf der H\u00fctte und haben viel Spass. Alle sind noch fit und voller Tatendrang, dass wir uns f\u00fcr die Abstiegsroute \u00fcber den Schafberg entscheiden. Na ja, wohl auch, da das Kreuz von der Albert-Heim-H\u00fctte gut sichtbar ist und es einige f\u00f6rmlich dahin zieht! Das dritte Ziel ist in knapp einer halben Stunde erreicht. Es folgt noch ein sch\u00f6ner Abstieg \u00fcber Grash\u00e4nge und Weiden hinunter nach Tiefenbach. Die eindr\u00fcckliche Tour lassen wir in Realp bei einem gemeinsamen &#8222;Tsch\u00fcss&#8220;-Getr\u00e4nk ausklingen, bevor wir uns auf den Heimweg machen.<\/p>\n\n\n\n<p>Es war ein toller Tag mit euch &#8211; Namaste!<\/p>\n\n\n\n<p>Teilnehmer: Martha Flury, Susanne B\u00e4rtschi, Denise Berger, Markus Nider\u00f6st, Edith und Ruedi Steinmann, Isabelle Schleiss und Evelyne Godel<\/p>\n\n\n\n<p><strong><a href=\"https:\/\/photos.app.goo.gl\/TwcTWuJfN3hEb2Rz7\" data-type=\"URL\" data-id=\"https:\/\/photos.app.goo.gl\/TwcTWuJfN3hEb2Rz7\" target=\"_blank\" rel=\"noreferrer noopener\">FOTOS<\/a><\/strong><\/p>\n\n\n\n<p>Bericht: Evelyne Godel<br>Fotos: Teilnehmer<\/p>\n","protected":false},"excerpt":{"rendered":"<p>Bergwanderung Nepali Highway, Samstag 06. August 2022 Tourenleitung: Isabelle Schleiss \/ Evelyne Godel Klein aber fein ist die Gruppe, die sich an diesem Samstag auf den &#8222;Nepali Highway&#8220; wagt.Die Sonne strahlt mit uns um die Wette, als wir beim Furkablick starten. Schon bald jedoch k\u00e4mpft sie mit Nebelfetzen und Wolken, was aber unserer guten Stimmung [&hellip;]<\/p>\n","protected":false},"author":2,"featured_media":0,"parent":375,"menu_order":0,"comment_status":"closed","ping_status":"closed","template":"","meta":{"footnotes":""},"class_list":["post-3467","page","type-page","status-publish","hentry"],"jetpack_shortlink":"https:\/\/wp.me\/P2UVFM-TV","jetpack_sharing_enabled":true,"_links":{"self":[{"href":"https:\/\/www.alpenclub-gerliswil.ch\/wp\/wp-json\/wp\/v2\/pages\/3467","targetHints":{"allow":["GET"]}}],"collection":[{"href":"https:\/\/www.alpenclub-gerliswil.ch\/wp\/wp-json\/wp\/v2\/pages"}],"about":[{"href":"https:\/\/www.alpenclub-gerliswil.ch\/wp\/wp-json\/wp\/v2\/types\/page"}],"author":[{"embeddable":true,"href":"https:\/\/www.alpenclub-gerliswil.ch\/wp\/wp-json\/wp\/v2\/users\/2"}],"replies":[{"embeddable":true,"href":"https:\/\/www.alpenclub-gerliswil.ch\/wp\/wp-json\/wp\/v2\/comments?post=3467"}],"version-history":[{"count":1,"href":"https:\/\/www.alpenclub-gerliswil.ch\/wp\/wp-json\/wp\/v2\/pages\/3467\/revisions"}],"predecessor-version":[{"id":3468,"href":"https:\/\/www.alpenclub-gerliswil.ch\/wp\/wp-json\/wp\/v2\/pages\/3467\/revisions\/3468"}],"up":[{"embeddable":true,"href":"https:\/\/www.alpenclub-gerliswil.ch\/wp\/wp-json\/wp\/v2\/pages\/375"}],"wp:attachment":[{"href":"https:\/\/www.alpenclub-gerliswil.ch\/wp\/wp-json\/wp\/v2\/media?parent=3467"}],"curies":[{"name":"wp","href":"https:\/\/api.w.org\/{rel}","templated":true}]}}