{"id":3657,"date":"2023-04-29T14:43:10","date_gmt":"2023-04-29T12:43:10","guid":{"rendered":"https:\/\/www.alpenclub-gerliswil.ch\/wp\/?page_id=3657"},"modified":"2023-04-29T14:43:10","modified_gmt":"2023-04-29T12:43:10","slug":"blatterberg","status":"publish","type":"page","link":"https:\/\/www.alpenclub-gerliswil.ch\/wp\/fotos-berichte\/tourenberichte\/blatterberg\/","title":{"rendered":"Blatterberg"},"content":{"rendered":"\n<p><strong>Rund um den Blatterberg<\/strong> &#8211; <strong>Samstag, 22.4.2023<\/strong><\/p>\n\n\n\n<p><strong>Leitung: Carmen G\u00fcrber<\/strong><\/p>\n\n\n\n<p>Bei herrlichem Wetter treffen wir uns bei der Kapelle St. Jost in Blatten. Nach einer kurzen Begr\u00fcssung durch Carmen machen wir uns auf den Weg rund um den Blatterberg.<br>Zuerst flach, dann leicht ansteigend \u00fcber Wiesen erreichen wir schon bald das R\u00e4nggloch.<br>Ein kurzer Abstecher in die sehenswerte Schlucht muss sein.<br>Wieder zur\u00fcck auf dem Wanderweg geht es zuerst durch Wald bevor dann der doch recht steile Anstieg beginnt. Wird werden daf\u00fcr schon bald mit einem herrlichen Rundblick belohnt.<br>Nach gut 2 Stunden erreichen wir unseren Rastplatz beim Chr\u00fczhubel. Es wird grilliert, diskutiert und degustiert. Zuerst probieren wir den Ros\u00e9 von Klaus, sp\u00e4ter den Rotwein von Markus.<br>Trotz dem Regen der letzten Tage ist auch der steile Abstieg durch den Gspanwald gut begehbar. In der Stierenweid werden wir von der B\u00e4uerin \u00fcberraschend zu einem Most eingeladen. Wir geniessen das erfrischende Getr\u00e4nk und es wird rege mit dem Bauer diskutiert.<br>Trotz zunehmender Bew\u00f6lkung erreichen wir trocken nach knapp 4 Stunden Wanderzeit unseren Ausgangspunkt. Ein rundum gelungener Start in die Wandersaison.<\/p>\n\n\n\n<p>Teilnehmer:<br>Denise, Iris, Vreni, Klaus, Traugott, Sonja, Martha Waller, Erich, Andrea, Joe, Regi, Robi, Andrea, Peter, Valeria, Walter, Carmen, Markus<\/p>\n\n\n\n<p><strong><a href=\"https:\/\/photos.app.goo.gl\/6Xfnsie5yNYkSVoGA\" data-type=\"URL\" data-id=\"https:\/\/photos.app.goo.gl\/6Xfnsie5yNYkSVoGA\" target=\"_blank\" rel=\"noreferrer noopener\">FOTOS<\/a><\/strong><\/p>\n\n\n\n<p><em>Bericht:\u00a0Markus G\u00fcrber<br>Fotos:\u00a0Teilnehmer<\/em><\/p>\n","protected":false},"excerpt":{"rendered":"<p>Rund um den Blatterberg &#8211; Samstag, 22.4.2023 Leitung: Carmen G\u00fcrber Bei herrlichem Wetter treffen wir uns bei der Kapelle St. Jost in Blatten. Nach einer kurzen Begr\u00fcssung durch Carmen machen wir uns auf den Weg rund um den Blatterberg.Zuerst flach, dann leicht ansteigend \u00fcber Wiesen erreichen wir schon bald das R\u00e4nggloch.Ein kurzer Abstecher in die [&hellip;]<\/p>\n","protected":false},"author":2,"featured_media":0,"parent":375,"menu_order":0,"comment_status":"closed","ping_status":"closed","template":"","meta":{"footnotes":""},"class_list":["post-3657","page","type-page","status-publish","hentry"],"jetpack_shortlink":"https:\/\/wp.me\/P2UVFM-WZ","jetpack_sharing_enabled":true,"_links":{"self":[{"href":"https:\/\/www.alpenclub-gerliswil.ch\/wp\/wp-json\/wp\/v2\/pages\/3657","targetHints":{"allow":["GET"]}}],"collection":[{"href":"https:\/\/www.alpenclub-gerliswil.ch\/wp\/wp-json\/wp\/v2\/pages"}],"about":[{"href":"https:\/\/www.alpenclub-gerliswil.ch\/wp\/wp-json\/wp\/v2\/types\/page"}],"author":[{"embeddable":true,"href":"https:\/\/www.alpenclub-gerliswil.ch\/wp\/wp-json\/wp\/v2\/users\/2"}],"replies":[{"embeddable":true,"href":"https:\/\/www.alpenclub-gerliswil.ch\/wp\/wp-json\/wp\/v2\/comments?post=3657"}],"version-history":[{"count":1,"href":"https:\/\/www.alpenclub-gerliswil.ch\/wp\/wp-json\/wp\/v2\/pages\/3657\/revisions"}],"predecessor-version":[{"id":3658,"href":"https:\/\/www.alpenclub-gerliswil.ch\/wp\/wp-json\/wp\/v2\/pages\/3657\/revisions\/3658"}],"up":[{"embeddable":true,"href":"https:\/\/www.alpenclub-gerliswil.ch\/wp\/wp-json\/wp\/v2\/pages\/375"}],"wp:attachment":[{"href":"https:\/\/www.alpenclub-gerliswil.ch\/wp\/wp-json\/wp\/v2\/media?parent=3657"}],"curies":[{"name":"wp","href":"https:\/\/api.w.org\/{rel}","templated":true}]}}