{"id":3836,"date":"2024-02-01T17:58:15","date_gmt":"2024-02-01T15:58:15","guid":{"rendered":"https:\/\/www.alpenclub-gerliswil.ch\/wp\/?page_id=3836"},"modified":"2024-02-01T18:01:02","modified_gmt":"2024-02-01T16:01:02","slug":"grindelwald-2024","status":"publish","type":"page","link":"https:\/\/www.alpenclub-gerliswil.ch\/wp\/fotos-berichte\/tourenberichte\/grindelwald-2024\/","title":{"rendered":"Grindelwald 2024"},"content":{"rendered":"\n<p><strong>Wintersportwochenende Grindelwald vom Freitag 26.01. bis Sonntag 28.01.2024<\/strong><\/p>\n\n\n\n<p>Organisation: Evelyne Godel \/ Isabelle Schleiss<\/p>\n\n\n\n<p>Zum zweiten mal findet das Wintersportwochenende in Grindelwald statt.<\/p>\n\n\n\n<p>Wir alle haben das es sehr genossen, sei es auf der Piste oder beim Schneeschuh- und Winterwandern. Herzlichen Dank an Beni u Emilie Bieri f\u00fcr die Wandertouren und Margrit und Martha f\u00fcr die Berichte schreiben.<\/p>\n\n\n\n<p><strong>Bericht der Schneeschuhl\u00e4ufer und Winterwanderer:<\/strong><\/p>\n\n\n\n<p>12 Cl\u00fcbler\/innen starten erwartungsfroh Richtung Grindelwald, 4 halten es zuhause nicht mehr aus und starten bereits am Donnerstag.&nbsp;<\/p>\n\n\n\n<p>Tag 1<\/p>\n\n\n\n<p>Treffpunkt ist morgens um 09.00 Uhr (fakultativ) vor dem Hotel Derby, Beni Bieri \u00fcbernimmt. Mit der Bahn geht\u2019s hoch nach der Alp Bort und weiter zum Bergrestaurant Schreckfeld. Der etwas steile Anfangsaufstieg ist nicht ganz ohne und somit erlangen wir nach ca. 1\u00bd Std. das rettende Bergrestaurant. Das Aufziehen der Schlechtwetterfront haben wir nat\u00fcrlich von wegen gem\u00fctlich verpasst und somit erfolgt der vorgesehene Abstieg zu Fuss mit der Bahn. Der anschliessende Termin &#8211; Apero ca. 17.00 Uhr an der Bar der Pizzeria Da Silva (obligatorisch f\u00fcr alle!) mit anschliessendem Nachtessen.<\/p>\n\n\n\n<p>so, und jetzt Tag 2:<\/p>\n\n\n\n<p>Nach dem gestrigen starken Regen erstrahlt der Samstag, genau wie der Meteo-Bucheli voraussagte, in vollem Sonnenglanz. Das Postauto f\u00e4hrt uns hoch zur Bussalp. Gest\u00e4rkt montieren wir Schneeschuhe und\/oder -krallen und wandern gem\u00fctlich ca. 1 Std. zum Rasthysi, ein urgem\u00fctliches Alpbeizli, da darf man sicher nicht vorbei wandern. Unsere Sonnenpl\u00e4tze geniessen wir, Kaffee, Suppen und und und \u2026. sind uns sicher! Aber eben, wir sind ja noch nicht am Ziel, los geht\u2019s Richtung Bort und nach ca. 1 \u00bd Std. sind wir auch dort zum \u00abZvieri\u00bb angekommen. Mit der Gondelbahn gehts runter nach Grindelwald und zur\u00fcck ins Hotel zum n\u00e4chsten gem\u00fctlichen Teil des Abends.<\/p>\n\n\n\n<p>\u2026 und jetzt Tag 3:<\/p>\n\n\n\n<p>Fr\u00fchst\u00fcck, Zimmer r\u00e4umen und um 09.00 Uhr besammeln wir uns zum Schlussspurt Richtung Restaurant Wetterhorn, vorgesehen zur Ischbodenh\u00fctte. Da der Weg doch ziemlich vereist ist und weder Schneeschuhe noch -krallen was bringen, verweilen wir im Wetterhorn und fahren halt per Ortsbus wieder runter ins Dorf. Wir alle haben ja noch die Heimreise vor uns. Nach kurzem Verweilen in Grindelwald verabschieden wir uns und zur\u00fcck geht\u2019s individuell Richtung Zentralschweiz.<\/p>\n\n\n\n<p>Dass wirs k\u00f6nnen, das Geniessen, wissen wir alle und habens auch bewiesen. Allen ein herzliches Dankesch\u00f6n f\u00fcr die echt sch\u00f6nen Stunden. Unseren Organisatorinnen ein spezielles Dankesch\u00f6n wie auch Beni. Er hat uns sicher durch die Gegend gef\u00fchrt!&nbsp; Sch\u00f6n isches gsi!<\/p>\n\n\n\n<p><em>Bericht: Margrit Lang<\/em><\/p>\n\n\n\n<p><strong>Bericht der Skifahrer<\/strong><\/p>\n\n\n\n<p>Am Wintersport-Wochenende haben sich Evelyne, Isabelle, Martha und Joe f\u00fcrs Skifahren entschieden.<\/p>\n\n\n\n<p>Freitag, wir fahren auf M\u00e4nnlichen\/Scheidegg. Dank den wenigen Leuten auf der Piste k\u00f6nnen wir es so richtig ausnutzen, bei harten aber guten Verh\u00e4ltnissen. Am Mittag wird dann die Sicht immer schlechter und wir geben es auf. Martha und Joe machen aber bei &#8222;fast str\u00f6mendem&#8220; Regen noch die Talabfahrt bis nach Grindelwald.<\/p>\n\n\n\n<p>Samstag, ein strahlender &#8222;Kaisertag&#8220;. Rechtzeitig geht es hoch zum Eigergletscher. Trotz den vielen Leuten und Dank den schnellen und vielen Sesselbahnen geht es z\u00fcgig &#8222;obsi&#8220; und runter geht es von alleine. Nat\u00fcrlich darf die legend\u00e4re Lauberhorn Abfahrt bis nach Wengen nicht fehlen. Mit der Bahn geht es wieder hoch zum M\u00e4nnlichen und &#8222;\u00e4ne weder abe&#8220; auf den Skis bis nach Grindelwald.<\/p>\n\n\n\n<p>Sonntag, wir kurven bei Bilderbuchwetter und top Pistenverh\u00e4ltnissen auf der First Seite umher. Die Mittagspause geniessen wir bei Anja&#8217;s Bar und lassen uns von der warmen Sonne bescheinen. Noch ein paar weitere Fahrten und Marth und Joe m\u00fcssen sich auf den Heimweg machen, w\u00e4hrend Evelyne und Isabelle noch die letzten Sonnenstrahlen geniessen.<\/p>\n\n\n\n<p>Es war einfach nur super sch\u00f6n. Danke Evelyne und Isabelle<\/p>\n\n\n\n<p><em>Bericht: Martha Flury<\/em><\/p>\n\n\n\n<p>Teilnehmer: Andrea und Joe, Martha und Erich, Denise, Iris, Anita, Beni und Emilie, Sonja, Daniela, Edith und Ruedi, Margrit, Klaus, Isabelle und Evelyne<\/p>\n\n\n\n<p><em>Bericht: Margrit Lang, Martha Flury und Evelyne Godel<\/em><br><em>Fotos: Teilnehmer<\/em><\/p>\n\n\n\n<p><strong><a href=\"https:\/\/photos.app.goo.gl\/jKdpqvsBpcmvsSa79\" data-type=\"URL\" data-id=\"https:\/\/photos.app.goo.gl\/jKdpqvsBpcmvsSa79\" target=\"_blank\" rel=\"noreferrer noopener\">FOTOS<\/a><\/strong><\/p>\n","protected":false},"excerpt":{"rendered":"<p>Wintersportwochenende Grindelwald vom Freitag 26.01. bis Sonntag 28.01.2024 Organisation: Evelyne Godel \/ Isabelle Schleiss Zum zweiten mal findet das Wintersportwochenende in Grindelwald statt. Wir alle haben das es sehr genossen, sei es auf der Piste oder beim Schneeschuh- und Winterwandern. Herzlichen Dank an Beni u Emilie Bieri f\u00fcr die Wandertouren und Margrit und Martha f\u00fcr [&hellip;]<\/p>\n","protected":false},"author":2,"featured_media":0,"parent":375,"menu_order":0,"comment_status":"closed","ping_status":"closed","template":"","meta":{"footnotes":""},"class_list":["post-3836","page","type-page","status-publish","hentry"],"jetpack_shortlink":"https:\/\/wp.me\/P2UVFM-ZS","jetpack_sharing_enabled":true,"_links":{"self":[{"href":"https:\/\/www.alpenclub-gerliswil.ch\/wp\/wp-json\/wp\/v2\/pages\/3836","targetHints":{"allow":["GET"]}}],"collection":[{"href":"https:\/\/www.alpenclub-gerliswil.ch\/wp\/wp-json\/wp\/v2\/pages"}],"about":[{"href":"https:\/\/www.alpenclub-gerliswil.ch\/wp\/wp-json\/wp\/v2\/types\/page"}],"author":[{"embeddable":true,"href":"https:\/\/www.alpenclub-gerliswil.ch\/wp\/wp-json\/wp\/v2\/users\/2"}],"replies":[{"embeddable":true,"href":"https:\/\/www.alpenclub-gerliswil.ch\/wp\/wp-json\/wp\/v2\/comments?post=3836"}],"version-history":[{"count":2,"href":"https:\/\/www.alpenclub-gerliswil.ch\/wp\/wp-json\/wp\/v2\/pages\/3836\/revisions"}],"predecessor-version":[{"id":3841,"href":"https:\/\/www.alpenclub-gerliswil.ch\/wp\/wp-json\/wp\/v2\/pages\/3836\/revisions\/3841"}],"up":[{"embeddable":true,"href":"https:\/\/www.alpenclub-gerliswil.ch\/wp\/wp-json\/wp\/v2\/pages\/375"}],"wp:attachment":[{"href":"https:\/\/www.alpenclub-gerliswil.ch\/wp\/wp-json\/wp\/v2\/media?parent=3836"}],"curies":[{"name":"wp","href":"https:\/\/api.w.org\/{rel}","templated":true}]}}