{"id":3891,"date":"2024-04-21T15:49:16","date_gmt":"2024-04-21T13:49:16","guid":{"rendered":"https:\/\/www.alpenclub-gerliswil.ch\/wp\/?page_id=3891"},"modified":"2024-04-21T15:49:16","modified_gmt":"2024-04-21T13:49:16","slug":"jurahoehenweg-2","status":"publish","type":"page","link":"https:\/\/www.alpenclub-gerliswil.ch\/wp\/fotos-berichte\/tourenberichte\/jurahoehenweg-2\/","title":{"rendered":"Jurah\u00f6henweg"},"content":{"rendered":"\n<p><strong>Wanderung auf dem Jurah\u00f6henweg von Linn zur Salh\u00f6he<\/strong> &#8211; <strong>Sonntag, 14. April 2024 <\/strong>(Sommerwetter)<br><br>Leitung: Hanny Th\u00fcrig<\/p>\n\n\n\n<p>Mit \u00d6V reisen wir ab Emmenbr\u00fccke \u00fcber Zofingen-Olten nach Brugg. Hier warten Margrit Lang, Emilie und Beni Bieri bereits auf uns. Das Postauto bringt uns, durch f\u00fcr uns unbekanntes Gebiet, hinauf nach Linn, zur sagenumwobenen Linde von Linn. Diese Linde gilt als m\u00e4chtigster Baum im Aargau. Sie ist \u00fcber 700 Jahre alt, hat einen Stammumfang von \u00fcber elf Metern und in der Vergangenheit schon drei Feuern getrotzt. Der Legende nach wurde die Linde nach der Pest vom letzten Linner auf das Grab der Dahingerafften gepflanzt. Seither ist sie die Garantie daf\u00fcr, dass die Pest nicht wieder ausbricht.<\/p>\n\n\n\n<p>Bergw\u00e4rts f\u00fchrt unser Weg in den Wald zum Linnerberg. Hier gibt es eine Verschnaufpause und wir haben bereits eine sch\u00f6ne Aussicht in die Alpen. Sp\u00e4ter verzaubert die wundersch\u00f6ne, von bl\u00fchenden Wiesen und Obstb\u00e4umen umgebene Buechmatt. Auf dem breiten Juraweg k\u00f6nnen die Sozialkontakte gepflegt werden und es wird munter geplaudert. Oft t\u00f6nt es von vorne oder hinten \u00abVelo\u00bb. Wir erreichen die Staffelegg z\u00fcgig und ohne M\u00fche.<br>Die Passh\u00f6he ist mit 621 m \u00fc. M zwar eine der niedrigsten im Jura, verkehrstechnisch aber sehr wichtig. Hier werden wir von Lisbeth und Klaus begr\u00fcsst. Wir suchen uns einen Schattenplatz f\u00fcr den Mittagshalt und freuen uns \u00fcber den Ap\u00e9ro der uns Lisbeth und Klaus mitgebracht haben. Vielen Dank den Spendern.<\/p>\n\n\n\n<p>Unser Ziel ist noch gut 2 Stunden entfernt. Weiter geht es zuerst leicht ansteigend und sp\u00e4ter recht knackig hinauf zum Herzberghof. Auch hier k\u00f6nnen wir wieder die sch\u00f6ne Aussicht geniessen. Auf dem Rastplatz im B\u00e4nkerjoch ist einiges los. Wir finden aber alle eine Sitzgelegenheit, um den Durst vor dem n\u00e4chsten Aufstieg zur Eggholde zu l\u00f6schen. Immer wieder k\u00f6nnen wir uns an bl\u00fchenden Obstb\u00e4umen und dem zarten Gr\u00fcn der Buchenw\u00e4lder erfreuen. Die Aussicht auf dieser Teilstrecke reicht nun bis in den Schwarzwald.<\/p>\n\n\n\n<p>Nach 4 Stunden Wanderzeit und knapp 15 Kilometern endet unsere Wanderung auf der Salh\u00f6he. Vor der R\u00fcckreise reicht die Zeit gerade noch, um im Waldgasthaus einzukehren.<\/p>\n\n\n\n<p>Teilnehmende: Achermann Edith, Bachmann Margrith, Berger Denise, Bieri Emili und Beni, B\u00e4rtschi Susanne, Buchmann Traugott, Hoffmann Silvana, Lang Margrit, Pretre Pnina, Sticher Esther, Stocker Regi, Robi und Yolanda, Th\u00fcrig Hans und Rita; sch\u00f6n seid ihr alle mit mir unterwegs gewesen.<\/p>\n\n\n\n<p><strong><a href=\"https:\/\/photos.app.goo.gl\/rzpRJNyWgJhKMdvy9\" data-type=\"URL\" data-id=\"https:\/\/photos.app.goo.gl\/rzpRJNyWgJhKMdvy9\" target=\"_blank\" rel=\"noreferrer noopener\">FOTOS<\/a><\/strong><\/p>\n\n\n\n<p><em>Bericht: Hanny Th\u00fcrig<br>Fotos: Teilnehmende<\/em><\/p>\n","protected":false},"excerpt":{"rendered":"<p>Wanderung auf dem Jurah\u00f6henweg von Linn zur Salh\u00f6he &#8211; Sonntag, 14. April 2024 (Sommerwetter) Leitung: Hanny Th\u00fcrig Mit \u00d6V reisen wir ab Emmenbr\u00fccke \u00fcber Zofingen-Olten nach Brugg. Hier warten Margrit Lang, Emilie und Beni Bieri bereits auf uns. Das Postauto bringt uns, durch f\u00fcr uns unbekanntes Gebiet, hinauf nach Linn, zur sagenumwobenen Linde von Linn. [&hellip;]<\/p>\n","protected":false},"author":2,"featured_media":0,"parent":375,"menu_order":0,"comment_status":"closed","ping_status":"closed","template":"","meta":{"footnotes":""},"class_list":["post-3891","page","type-page","status-publish","hentry"],"jetpack_shortlink":"https:\/\/wp.me\/P2UVFM-10L","jetpack_sharing_enabled":true,"_links":{"self":[{"href":"https:\/\/www.alpenclub-gerliswil.ch\/wp\/wp-json\/wp\/v2\/pages\/3891","targetHints":{"allow":["GET"]}}],"collection":[{"href":"https:\/\/www.alpenclub-gerliswil.ch\/wp\/wp-json\/wp\/v2\/pages"}],"about":[{"href":"https:\/\/www.alpenclub-gerliswil.ch\/wp\/wp-json\/wp\/v2\/types\/page"}],"author":[{"embeddable":true,"href":"https:\/\/www.alpenclub-gerliswil.ch\/wp\/wp-json\/wp\/v2\/users\/2"}],"replies":[{"embeddable":true,"href":"https:\/\/www.alpenclub-gerliswil.ch\/wp\/wp-json\/wp\/v2\/comments?post=3891"}],"version-history":[{"count":1,"href":"https:\/\/www.alpenclub-gerliswil.ch\/wp\/wp-json\/wp\/v2\/pages\/3891\/revisions"}],"predecessor-version":[{"id":3892,"href":"https:\/\/www.alpenclub-gerliswil.ch\/wp\/wp-json\/wp\/v2\/pages\/3891\/revisions\/3892"}],"up":[{"embeddable":true,"href":"https:\/\/www.alpenclub-gerliswil.ch\/wp\/wp-json\/wp\/v2\/pages\/375"}],"wp:attachment":[{"href":"https:\/\/www.alpenclub-gerliswil.ch\/wp\/wp-json\/wp\/v2\/media?parent=3891"}],"curies":[{"name":"wp","href":"https:\/\/api.w.org\/{rel}","templated":true}]}}