{"id":4191,"date":"2025-06-01T16:29:51","date_gmt":"2025-06-01T14:29:51","guid":{"rendered":"https:\/\/www.alpenclub-gerliswil.ch\/wp\/?page_id=4191"},"modified":"2025-06-01T16:29:51","modified_gmt":"2025-06-01T14:29:51","slug":"estavayer-le-lac","status":"publish","type":"page","link":"https:\/\/www.alpenclub-gerliswil.ch\/wp\/fotos-berichte\/tourenberichte\/estavayer-le-lac\/","title":{"rendered":"Estavayer-le-Lac"},"content":{"rendered":"\n<p><strong>Wanderwochenende Estavayer-le-Lac 3.\/4. Mai 2025<\/strong><\/p>\n\n\n\n<p>Leitung: Hans Obert\u00fcfer<\/p>\n\n\n\n<p>Gut gelaunt, machte sich eine kleine ACG-Wandergruppe mit dem Zug auf den Weg nach Yvonand am Neuenburger See. Bevor wir uns auf die mit Spannung erwartete Rundwanderung begaben, st\u00e4rkten wir uns noch bei einem Kaffee. Der Weg f\u00fchrte uns, mit einem kurzen Regenschauer, etwas abseits der Route Nr. 129, zuerst hoch zum Aussichtspunkt Roche de la Baume, wo wir das Mittagessen einnahmen und gleichzeitig die Aussicht genossen. Kurz nach Rovray erreichten wir die Route Nr.129 Vallon des Vaux. \u00dcber die Moulin de Covet, mit gelegentlichen Regentropfen, gelangten wir zur Kirche von Ch\u00eane-P\u00e2quier und der Ruine Tour St-Martin. Nach dem Abstieg in die Schlucht, wanderten wir entlang der Ruisseau des Vaux durch eine vielf\u00e4ltige, ja schon fast urwald\u00e4hnliche Vegetation, bis wir das Autobahnviadukt der A1 erreichten. Der letzte Abschnitt f\u00fchrte uns dann zur\u00fcck zum Bahnhof von Yvonand und nach einer kurzen Zugfahrt nach Estavayer ins Hotel du Port, wo wir uns f\u00fcr eine Nacht einnisteten und eine vorz\u00fcgliche Gastfreundschaft genossen.<\/p>\n\n\n\n<p>Ausgeschlafen machten wir uns auf einen kurzen Rundgang durch das malerische und spannende St\u00e4dtchen Estavayer und gelangten auf den Rundweg Nr.265 Chemin de la Grand Cari\u00e7aie. Ausserhalb von Estavayer erreichten wir das Naturreservat und gr\u00f6sste Seeuferfeuchtgebiet der Schweiz. Bereits kurz nach der Aussichtsplattform zeichnete sich ab, dass das Wetter uns wohl einen Strich durch die Rechnung machen w\u00fcrde. So kam es, dass sich kurz vor Cheyres die Schleusen \u00f6ffneten. So bestiegen wir nach einem einstimmigen Entscheid bereits in Cheyres den Zug zur\u00fcck in Richtung Innerschweiz, im Rucksack viele neuen Eindr\u00fccke.<\/p>\n\n\n\n<p>Danke an Bernadett, Margrit, Vreni, Bruno, Klaus f\u00fcr die wundervollen Stunden am Neuenburger See.<\/p>\n\n\n\n<p><strong><a href=\"https:\/\/photos.app.goo.gl\/WFgF9mtKnnqna9Qq8\" data-type=\"link\" data-id=\"https:\/\/photos.app.goo.gl\/WFgF9mtKnnqna9Qq8\" target=\"_blank\" rel=\"noreferrer noopener\">FOTOS<\/a><\/strong><\/p>\n\n\n\n<p><em>Bericht: Hans Obert\u00fcfer<br>Fotos: Teilnehmende<\/em><\/p>\n","protected":false},"excerpt":{"rendered":"<p>Wanderwochenende Estavayer-le-Lac 3.\/4. Mai 2025 Leitung: Hans Obert\u00fcfer Gut gelaunt, machte sich eine kleine ACG-Wandergruppe mit dem Zug auf den Weg nach Yvonand am Neuenburger See. Bevor wir uns auf die mit Spannung erwartete Rundwanderung begaben, st\u00e4rkten wir uns noch bei einem Kaffee. Der Weg f\u00fchrte uns, mit einem kurzen Regenschauer, etwas abseits der Route [&hellip;]<\/p>\n","protected":false},"author":2,"featured_media":0,"parent":375,"menu_order":0,"comment_status":"closed","ping_status":"closed","template":"","meta":{"footnotes":""},"class_list":["post-4191","page","type-page","status-publish","hentry"],"jetpack_shortlink":"https:\/\/wp.me\/P2UVFM-15B","jetpack_sharing_enabled":true,"_links":{"self":[{"href":"https:\/\/www.alpenclub-gerliswil.ch\/wp\/wp-json\/wp\/v2\/pages\/4191","targetHints":{"allow":["GET"]}}],"collection":[{"href":"https:\/\/www.alpenclub-gerliswil.ch\/wp\/wp-json\/wp\/v2\/pages"}],"about":[{"href":"https:\/\/www.alpenclub-gerliswil.ch\/wp\/wp-json\/wp\/v2\/types\/page"}],"author":[{"embeddable":true,"href":"https:\/\/www.alpenclub-gerliswil.ch\/wp\/wp-json\/wp\/v2\/users\/2"}],"replies":[{"embeddable":true,"href":"https:\/\/www.alpenclub-gerliswil.ch\/wp\/wp-json\/wp\/v2\/comments?post=4191"}],"version-history":[{"count":1,"href":"https:\/\/www.alpenclub-gerliswil.ch\/wp\/wp-json\/wp\/v2\/pages\/4191\/revisions"}],"predecessor-version":[{"id":4192,"href":"https:\/\/www.alpenclub-gerliswil.ch\/wp\/wp-json\/wp\/v2\/pages\/4191\/revisions\/4192"}],"up":[{"embeddable":true,"href":"https:\/\/www.alpenclub-gerliswil.ch\/wp\/wp-json\/wp\/v2\/pages\/375"}],"wp:attachment":[{"href":"https:\/\/www.alpenclub-gerliswil.ch\/wp\/wp-json\/wp\/v2\/media?parent=4191"}],"curies":[{"name":"wp","href":"https:\/\/api.w.org\/{rel}","templated":true}]}}