{"id":4260,"date":"2025-08-27T14:01:03","date_gmt":"2025-08-27T12:01:03","guid":{"rendered":"https:\/\/www.alpenclub-gerliswil.ch\/wp\/?page_id=4260"},"modified":"2025-08-27T14:03:14","modified_gmt":"2025-08-27T12:03:14","slug":"pizol-palfries-alvier","status":"publish","type":"page","link":"https:\/\/www.alpenclub-gerliswil.ch\/wp\/fotos-berichte\/tourenberichte\/pizol-palfries-alvier\/","title":{"rendered":"Pizol-Palfries-Alvier"},"content":{"rendered":"\n<p><strong>3-Tagestour Pizol-Palfries-Alvier vom 24. &#8211; 26. Juli 2025<\/strong><\/p>\n\n\n\n<p>Die Wetterprognosen waren nicht verheissungsvoll. In der Rastst\u00e4tte Bergsboden am Walensee mussten wir bei Kaffee und Gipfeli nach Alternativen suchen, weil es oben am Pizol nur Wolken und vielleicht sogar Schnee hatte. Beim Parkplatz in Fl\u00e4sch teilten wir uns in 2 Gruppen. Ein Ziel war der grosse Felsriegel im Rheintal bei St. Luzisteig mit der Regitzer Spitz. Viele Bunker zeigen, dass wir an einem strategisch wichtigen Ort sind. Kaum waren wir oben, liess der Regen nach. Aber zu sehen war in den tiefen Wolken eigentlich nichts.<br>Der Abstieg war sehr abwechslungsreich und rutschig. Bald schon dr\u00fcckte die Sonne ein wenig. Die andere Gruppe machte die Weinrunde nach Maienfeld und Jenins. In der B\u00fcndte in Jenins gabs die verdiente Pause. \u00dcber die Felder zu gehen war recht angenehm.<br>Mit den Autos fuhren wir nachher hinauf zum Berghaus Palfries. P\u00fcnktlich begann es bei der Ankunft zu regnen. Drinnen schw\u00e4rmte der H\u00fcttenchef vom Alvier, wie es bei ihm oben bei sch\u00f6nem Wetter w\u00e4re. Er hat aber die H\u00fctte nun geschlossen. Wir genossen ein gutes Abendessen und hofften auf besseres Wetter.<br>Am Freitag sind wir mit Nieselregen und Biswind gestartet. Bei der Alp Stralr\u00fcfi konnten die Regenjacken eingepackt werden. Der Weg war gut, auch \u00fcber die Alpwiesen blieben unsere Schuhe relativ trocken. Nach gut 2 Stunden waren wir bei der Sennis-Alp, wo uns die Sonne erwartete. Es wurde angenehm warm, sodass wir draussen essen konnten. Wir hatten weder die gute Laune noch den Appetit verloren.<br>Die Chefin erkl\u00e4rte uns die Geschichte vom Kurhaus Sennis (Molke) und wie sie hier im Sommer den Betrieb f\u00fchren. Die Sonne verzog sich wieder und wir verliessen diesen sch\u00f6nen Ort. Es wurde teilweise steil. Die Rinder scheinen auch gerne auf dem Wanderweg zu gehen. Entsprechend sieht der Weg aus bei diesem Regenwetter. \u00dcberall mit Wasser gef\u00fcllte Trampell\u00f6cher. Wir k\u00f6nnen den steilen Aufstieg zum Alvier sehen und es ist uns klar, dass das nichts werden wird mit der Alvier-Rundtour.<br>Nach dem Abendessen machen wir keine grossen Pl\u00e4ne f\u00fcr morgen.<br>Wie es zu erwarten war, regnete es am n\u00e4chsten Morgen dauernd. Nach dem Fr\u00fchst\u00fcck schauen wir zusammen noch die Apotheke an, welche der ACG f\u00fcr die Tourenleiter angeschafft hatte. F\u00fcr alle ist klar, dass es nach dem Packen direkt nach Hause geht. In Mels treffen sich einige nochmals in der Schmelzi-Beck, wo es die besten Mandelgipfel geben soll.<br>Wir sind zufrieden, dass wir vermutlich das Beste bei dieser Wetterlage gemacht haben. Wir werden mal kurzfristig einen Termin ansetzen, um doch noch auf den Alvier zu kommen.<\/p>\n\n\n\n<p><strong><a href=\"https:\/\/photos.app.goo.gl\/2RaM97SoLmU6djiz8\" data-type=\"link\" data-id=\"https:\/\/photos.app.goo.gl\/2RaM97SoLmU6djiz8\" target=\"_blank\" rel=\"noreferrer noopener\">FOTOS<\/a><\/strong><\/p>\n\n\n\n<p>Bericht: Joe Lang<br>Fotos:&nbsp;&nbsp; TeilnehmerInnen<\/p>\n","protected":false},"excerpt":{"rendered":"<p>3-Tagestour Pizol-Palfries-Alvier vom 24. &#8211; 26. Juli 2025 Die Wetterprognosen waren nicht verheissungsvoll. In der Rastst\u00e4tte Bergsboden am Walensee mussten wir bei Kaffee und Gipfeli nach Alternativen suchen, weil es oben am Pizol nur Wolken und vielleicht sogar Schnee hatte. Beim Parkplatz in Fl\u00e4sch teilten wir uns in 2 Gruppen. Ein Ziel war der grosse [&hellip;]<\/p>\n","protected":false},"author":2,"featured_media":0,"parent":375,"menu_order":0,"comment_status":"closed","ping_status":"closed","template":"","meta":{"footnotes":""},"class_list":["post-4260","page","type-page","status-publish","hentry"],"jetpack_shortlink":"https:\/\/wp.me\/P2UVFM-16I","jetpack_sharing_enabled":true,"_links":{"self":[{"href":"https:\/\/www.alpenclub-gerliswil.ch\/wp\/wp-json\/wp\/v2\/pages\/4260","targetHints":{"allow":["GET"]}}],"collection":[{"href":"https:\/\/www.alpenclub-gerliswil.ch\/wp\/wp-json\/wp\/v2\/pages"}],"about":[{"href":"https:\/\/www.alpenclub-gerliswil.ch\/wp\/wp-json\/wp\/v2\/types\/page"}],"author":[{"embeddable":true,"href":"https:\/\/www.alpenclub-gerliswil.ch\/wp\/wp-json\/wp\/v2\/users\/2"}],"replies":[{"embeddable":true,"href":"https:\/\/www.alpenclub-gerliswil.ch\/wp\/wp-json\/wp\/v2\/comments?post=4260"}],"version-history":[{"count":2,"href":"https:\/\/www.alpenclub-gerliswil.ch\/wp\/wp-json\/wp\/v2\/pages\/4260\/revisions"}],"predecessor-version":[{"id":4265,"href":"https:\/\/www.alpenclub-gerliswil.ch\/wp\/wp-json\/wp\/v2\/pages\/4260\/revisions\/4265"}],"up":[{"embeddable":true,"href":"https:\/\/www.alpenclub-gerliswil.ch\/wp\/wp-json\/wp\/v2\/pages\/375"}],"wp:attachment":[{"href":"https:\/\/www.alpenclub-gerliswil.ch\/wp\/wp-json\/wp\/v2\/media?parent=4260"}],"curies":[{"name":"wp","href":"https:\/\/api.w.org\/{rel}","templated":true}]}}