{"id":970,"date":"2014-04-26T17:19:32","date_gmt":"2014-04-26T15:19:32","guid":{"rendered":"http:\/\/www.alpenclub-gerliswil.ch\/wp\/?page_id=970"},"modified":"2014-04-26T17:19:32","modified_gmt":"2014-04-26T15:19:32","slug":"glockentuermli-winterhorn","status":"publish","type":"page","link":"https:\/\/www.alpenclub-gerliswil.ch\/wp\/fotos-berichte\/tourenberichte\/glockentuermli-winterhorn\/","title":{"rendered":"Glockent\u00fcrmli-Winterhorn"},"content":{"rendered":"<p><strong><span style=\"color: #0000ff;\">Karfreitags-Skitour Glockent\u00fcrmli-Winterhorn 18. April 2014<\/span><\/strong><\/p>\n<p><span style=\"color: #000000;\">Mit zwei Autos sind wir nach Andermatt aufgebrochen, wo uns die Bahnauf den Gemsstock 2961 m brachte. \u00dcber die Gafallenl\u00fccke 2621m sind wir \u00fcber das Rothorn zum Gitzialpetli 2594m zu den Glockent\u00fcrmli 2675m gestiegen. Die \u00a0wundersch\u00f6ne Abfahrt f\u00fchrte \u00fcber Valletta zur Gotthardpassstrasse 1909 m. Da haben wir die Felle wieder montiert und sind \u00fcber die Alpe di Rodont am zugeschneiten lago d\u2019Orsino vorbei \u00fcber den Grat zum Winterhorngipfel aufgestiegen. Die letzten Meter mussten wir die Skier auf dem Rucksack mittragen um den Gipfel auf 2660 m zu erreichen.<\/span><\/p>\n<p><span style=\"color: #000000;\">Michel Alessandri, unser Bergf\u00fchrer, hat uns sechs Teilnehmer umsichtig gef\u00fchrt. <\/span><\/p>\n<p><a href=\"https:\/\/picasaweb.google.com\/AlpenclubGerliswil\/GlockenturmliWinterhorn\" target=\"_blank\"><strong>FOTOS<\/strong><\/a><\/p>\n<p><span style=\"color: #000000;\">Bericht: Markus Nider\u00f6st<\/span><br \/>\n<span style=\"color: #000000;\">Fotos: Marcel Hofer<\/span><\/p>\n<p>&nbsp;<\/p>\n","protected":false},"excerpt":{"rendered":"<p>Karfreitags-Skitour Glockent\u00fcrmli-Winterhorn 18. April 2014 Mit zwei Autos sind wir nach Andermatt aufgebrochen, wo uns die Bahnauf den Gemsstock 2961 m brachte. \u00dcber die Gafallenl\u00fccke 2621m sind wir \u00fcber das Rothorn zum Gitzialpetli 2594m zu den Glockent\u00fcrmli 2675m gestiegen. Die \u00a0wundersch\u00f6ne Abfahrt f\u00fchrte \u00fcber Valletta zur Gotthardpassstrasse 1909 m. Da haben wir die Felle wieder [&hellip;]<\/p>\n","protected":false},"author":2,"featured_media":0,"parent":375,"menu_order":0,"comment_status":"closed","ping_status":"closed","template":"","meta":{"footnotes":""},"class_list":["post-970","page","type-page","status-publish","hentry"],"jetpack_shortlink":"https:\/\/wp.me\/P2UVFM-fE","jetpack_sharing_enabled":true,"_links":{"self":[{"href":"https:\/\/www.alpenclub-gerliswil.ch\/wp\/wp-json\/wp\/v2\/pages\/970","targetHints":{"allow":["GET"]}}],"collection":[{"href":"https:\/\/www.alpenclub-gerliswil.ch\/wp\/wp-json\/wp\/v2\/pages"}],"about":[{"href":"https:\/\/www.alpenclub-gerliswil.ch\/wp\/wp-json\/wp\/v2\/types\/page"}],"author":[{"embeddable":true,"href":"https:\/\/www.alpenclub-gerliswil.ch\/wp\/wp-json\/wp\/v2\/users\/2"}],"replies":[{"embeddable":true,"href":"https:\/\/www.alpenclub-gerliswil.ch\/wp\/wp-json\/wp\/v2\/comments?post=970"}],"version-history":[{"count":1,"href":"https:\/\/www.alpenclub-gerliswil.ch\/wp\/wp-json\/wp\/v2\/pages\/970\/revisions"}],"predecessor-version":[{"id":971,"href":"https:\/\/www.alpenclub-gerliswil.ch\/wp\/wp-json\/wp\/v2\/pages\/970\/revisions\/971"}],"up":[{"embeddable":true,"href":"https:\/\/www.alpenclub-gerliswil.ch\/wp\/wp-json\/wp\/v2\/pages\/375"}],"wp:attachment":[{"href":"https:\/\/www.alpenclub-gerliswil.ch\/wp\/wp-json\/wp\/v2\/media?parent=970"}],"curies":[{"name":"wp","href":"https:\/\/api.w.org\/{rel}","templated":true}]}}